{"id":927,"date":"2018-01-05T08:10:56","date_gmt":"2018-01-05T07:10:56","guid":{"rendered":"http:\/\/democontent.codex-themes.com\/sites\/handyman-service\/?p=927"},"modified":"2021-04-23T10:12:35","modified_gmt":"2021-04-23T08:12:35","slug":"securite-2","status":"publish","type":"page","link":"https:\/\/www.nord-acrobat.com\/index.php\/securite-2\/","title":{"rendered":"S\u00e9curit\u00e9"},"content":{"rendered":"<p>[vc_row][vc_column][vc_empty_space height=&#8221;30&#8243;][vc_column_text css_animation=&#8221;fadeInDown&#8221; effects_enabled_delay=&#8221;500&#8243;]<\/p>\n<div class=\"title-h6\" style=\"text-align: center;\"><span style=\"color: #bf9c61;\">NOUS SOMMES EXPERTS<\/span><\/div>\n<p>[\/vc_column_text][vc_empty_space height=&#8221;10&#8243;][vc_column_text css_animation=&#8221;fadeInUp&#8221; effects_enabled_delay=&#8221;500&#8243;]<\/p>\n<div class=\"title-h1\" style=\"text-align: center;\">SOYEZ SEREINS !!<\/div>\n<p>[\/vc_column_text]<div class=\"clearboth\"><\/div><div class=\"gem-divider \" style=\"margin-top: 50px;\"><\/div>[vc_row_inner][vc_column_inner width=&#8221;1\/2&#8243;][vc_column_text]<\/p>\n<p class=\"styled-subtitle\" style=\"text-align: justify;\"><span style=\"color: #5c5c5c;\"><strong>NORD ACRO\u00a0<span style=\"color: #ed8600;\">BAT<\/span><\/strong> vous accompagne dans tous vos projets n\u00e9cessitant <strong>une intervention en hauteur et d&#8217;acc\u00e8s difficile.<\/strong><\/span><\/p>\n<p class=\"styled-subtitle\" style=\"text-align: justify;\"><span style=\"color: #5c5c5c;\"><strong>Depuis 15 ans<\/strong>, nos \u00e9quipes interviennent avec savoir-faire et souplesse, <strong>de jour comme de nuit<\/strong>, avec des moyens humains et mat\u00e9riels important afin de <strong>limiter les arr\u00eats de production.<\/strong><\/span><\/p>\n<p class=\"styled-subtitle\" style=\"text-align: justify;\"><span style=\"color: #5c5c5c;\">Que ce soit pour des travaux de mise en s\u00e9curit\u00e9 ou d&#8217;entretien, de contr\u00f4le, \u00e0 grande ou petite hauteur, nous \u00e9tudions toute demande.<\/span><\/p>\n<p>[\/vc_column_text][\/vc_column_inner][vc_column_inner width=&#8221;1\/2&#8243;][vc_column_text]<\/p>\n<p class=\"styled-subtitle\" style=\"text-align: justify;\"><span style=\"color: #5c5c5c;\">Nous b\u00e9n\u00e9ficions d&#8217;une longue exp\u00e9rience dans des secteurs tr\u00e8s diverses, tels que <strong> l&#8217;Industrie, l&#8217;acc\u00e8s urbain complexe (B\u00e2timents), p\u00e9trochimie, cimenterie, l&#8217;agro-alimentaire, ouvrages d&#8217;art, etc&#8230; .<\/strong><\/span><\/p>\n<p class=\"styled-subtitle\" style=\"text-align: justify;\"><span style=\"color: #5c5c5c;\"><strong>Nord Acro Bat<\/strong> propose \u00e0 ses clients une offre structur\u00e9e autour de <strong>contrat de prestation globale<\/strong>. Cette fid\u00e9lisation favorise une r\u00e9activit\u00e9 accrue, et donc un gain de temps.<\/span><\/p>\n<p>[\/vc_column_text][\/vc_column_inner][\/vc_row_inner]<div class=\"clearboth\"><\/div><div class=\"gem-divider \" style=\"margin-top: 15px;\"><\/div>[\/vc_column][\/vc_row][vc_row][vc_column css=&#8221;.vc_custom_1461403908465{padding-top: 0px !important;}&#8221;]<div id=\"fullwidth-block-69da4cd707ecb\" class=\"fullwidth-block clearfix\"  style=\"padding-top: 120px;padding-bottom: 200px;height: 100vh\"><script type=\"text\/javascript\">if (typeof(gem_fix_fullwidth_position) == \"function\") { gem_fix_fullwidth_position(document.getElementById(\"fullwidth-block-69da4cd707ecb\")); }<\/script><div class=\"fullwidth-block-background\" style=\"background-image: url(https:\/\/www.nord-acrobat.com\/wp-content\/uploads\/2021\/04\/arton4766.jpg);background-repeat: no-repeat; background-size: cover;background-position: center center;\"><\/div><div class=\"fullwidth-block-parallax-overlay\" style=\"background-color: rgba(44,46,61,0.91);\"><\/div><div class=\"fullwidth-block-inner\">[vc_column_text css=&#8221;.vc_custom_1619165503961{padding-bottom: 10px !important;}&#8221;]<\/p>\n<h1 style=\"text-align: center;\"><span style=\"color: #ffffff;\"><span class=\"light\">&#8230;S\u00c9CURIT\u00c9<\/span> <span style=\"color: #ed8600;\">AU MAX<\/span>IMUM<\/span><\/h1>\n<p>[\/vc_column_text][vc_row_inner el_class=&#8221;new-quick&#8221;][vc_column_inner width=&#8221;1\/2&#8243; offset=&#8221;vc_col-lg-4 vc_col-md-4 vc_col-xs-12&#8243;]<div class=\"quickfinder quickfinder-style-classic quickfinder-binded row inline-row quickfinder-icon-position-top quickfinder-alignment-center quickfinder-title-bold\" data-hover-title-color=\"#4ed2b3\"><div id=\"post-483\" data-ll-finish-delay=\"200\" class=\"quickfinder-item inline-column col-md-12 col-sm-12 col-xs-12 quickfinder-item-effect-border-reverse border-reverse-with-background icon-size-medium quickfinder-box-style-solid lazy-loading post-483 thegem_qf_item type-thegem_qf_item status-publish\" data-ll-item-delay=\"0\"> <div class=\"quickfinder-item-box\" style=\"\"> <div class=\"quickfinder-item-inner\"> <div class=\"quickfinder-item-image\"> <div class=\"quickfinder-item-image-content lazy-loading-item\" data-ll-item-delay=\"0\" data-ll-effect=\"clip\"> <div class=\"quickfinder-item-image-wrapper\"> <div class=\"gem-icon gem-icon-pack-material gem-icon-size-medium gem-icon-shape-circle\" style=\"border-color: rgba(78, 210, 179, .3);border-color: rgba(0, 125, 96, 0.3);opacity: 1;\"><div class=\"gem-icon-inner\" style=\"background-color: rgba(78, 210, 179, .3);\"><span class=\"gem-icon-half-1\" style=\"color: #4ed2b3;\"><span class=\"back-angle\">&#xf112;<\/span><\/span><span class=\"gem-icon-half-2\" style=\"color: #4ed2b3;\"><span class=\"back-angle\">&#xf112;<\/span><\/span><\/div><\/div> <\/div> <\/div> <\/div> <div class=\"quickfinder-item-info-wrapper\"> <div class=\"quickfinder-item-info lazy-loading-item\" data-ll-item-delay=\"200\" data-ll-effect=\"fading\"> <div class=\"quickfinder-item-title\" style=\"color: #fff;\">CERTIFICATIONS<\/div> <div class=\"quickfinder-item-text\" style=\"color: #bcc6cd;\">TOUS NOS EMPLOY\u00c9S SONT QUALIFI\u00c9S, CERTIFI\u00c9S, COMP\u00c9TENTS ET CONSCIENCIEUX... ILS SUIVENT R\u00c9GULI\u00c8REMENT DES FORMATIONS, ET S'ADAPTENT AUX NOUVELLES TECHNOLOGIES...<\/div> <\/div> <\/div> <\/div> <\/div> <a href=\"#\" target=\"_self\" class=\"quickfinder-item-link\"><\/a> <\/div> <\/div>[\/vc_column_inner][vc_column_inner width=&#8221;1\/2&#8243; offset=&#8221;vc_col-lg-4 vc_col-md-4 vc_col-xs-12&#8243;]<div class=\"quickfinder quickfinder-style-classic quickfinder-binded row inline-row quickfinder-icon-position-top quickfinder-alignment-center quickfinder-title-bold\" data-hover-title-color=\"#00bcd4\"><div id=\"post-484\" data-ll-finish-delay=\"200\" class=\"quickfinder-item inline-column col-md-12 col-sm-12 col-xs-12 quickfinder-item-effect-border-reverse border-reverse-with-background icon-size-medium quickfinder-box-style-solid lazy-loading post-484 thegem_qf_item type-thegem_qf_item status-publish\" data-ll-item-delay=\"0\"> <div class=\"quickfinder-item-box\" style=\"\"> <div class=\"quickfinder-item-inner\"> <div class=\"quickfinder-item-image\"> <div class=\"quickfinder-item-image-content lazy-loading-item\" data-ll-item-delay=\"0\" data-ll-effect=\"clip\"> <div class=\"quickfinder-item-image-wrapper\"> <div class=\"gem-icon gem-icon-pack-material gem-icon-size-medium gem-icon-shape-circle\" style=\"border-color: rgba(0, 188, 212, 0.3);border-color: rgba(0, 111, 125, 0.30196078431372547);opacity: 1;\"><div class=\"gem-icon-inner\" style=\"background-color: rgba(0, 188, 212, 0.3);\"><span class=\"gem-icon-half-1\" style=\"color: #00bcd4;\"><span class=\"back-angle\">&#xf1cd;<\/span><\/span><span class=\"gem-icon-half-2\" style=\"color: #00bcd4;\"><span class=\"back-angle\">&#xf1cd;<\/span><\/span><\/div><\/div> <\/div> <\/div> <\/div> <div class=\"quickfinder-item-info-wrapper\"> <div class=\"quickfinder-item-info lazy-loading-item\" data-ll-item-delay=\"200\" data-ll-effect=\"fading\"> <div class=\"quickfinder-item-title\" style=\"color: #fff;\">MAT\u00c9RIELS<\/div> <div class=\"quickfinder-item-text\" style=\"color: #bcc6cd;\">HARNAIS, CORDES, CASQUES, ATTACHES, BLOQUEURS, POULIES, BAUDRIERS, ETC..., SONT R\u00c9VIS\u00c9S ET CHANG\u00c9S \u00c0 ESPACE R\u00c9GULIERS. NOS CORDISTES SE PR\u00c9PARENT AVEC UNE GRANDE ATTENTION AVANT TOUTE INTERVENTION...<\/div> <\/div> <\/div> <\/div> <\/div> <a href=\"#\" target=\"_self\" class=\"quickfinder-item-link\"><\/a> <\/div> <\/div>[\/vc_column_inner][vc_column_inner offset=&#8221;vc_col-lg-4 vc_col-md-4 vc_col-xs-12&#8243;]<div class=\"quickfinder quickfinder-style-classic quickfinder-binded row inline-row quickfinder-icon-position-top quickfinder-alignment-center quickfinder-title-bold\" data-hover-title-color=\"#8f6cff\"><div id=\"post-485\" data-ll-finish-delay=\"200\" class=\"quickfinder-item inline-column col-md-12 col-sm-12 col-xs-12 quickfinder-item-effect-border-reverse border-reverse-with-background icon-size-medium quickfinder-box-style-solid lazy-loading post-485 thegem_qf_item type-thegem_qf_item status-publish\" data-ll-item-delay=\"0\"> <div class=\"quickfinder-item-box\" style=\"\"> <div class=\"quickfinder-item-inner\"> <div class=\"quickfinder-item-image\"> <div class=\"quickfinder-item-image-content lazy-loading-item\" data-ll-item-delay=\"0\" data-ll-effect=\"clip\"> <div class=\"quickfinder-item-image-wrapper\"> <div class=\"gem-icon gem-icon-pack-material gem-icon-size-medium gem-icon-shape-circle\" style=\"border-color: rgba(143, 108, 255, 0.3);border-color: rgba(93, 71, 162, 0.3);opacity: 1;\"><div class=\"gem-icon-inner\" style=\"background-color: rgba(143, 108, 255, 0.3);\"><span class=\"gem-icon-half-1\" style=\"color: #8f6cff;\"><span class=\"back-angle\">&#xf1dd;<\/span><\/span><span class=\"gem-icon-half-2\" style=\"color: #8f6cff;\"><span class=\"back-angle\">&#xf1dd;<\/span><\/span><\/div><\/div> <\/div> <\/div> <\/div> <div class=\"quickfinder-item-info-wrapper\"> <div class=\"quickfinder-item-info lazy-loading-item\" data-ll-item-delay=\"200\" data-ll-effect=\"fading\"> <div class=\"quickfinder-item-title\" style=\"color: #fff;\">Lorem Service (Demo)<\/div> <div class=\"quickfinder-item-text\" style=\"color: #bcc6cd;\">Lorem ipsum dolor sit amet, consectetur aditpisicing elit, sed do eiusmod tempor incididunt ut labore et dolore magna aliqua. Ut enim ad mini veniam, quis nostrud exercitation ullamco laboris nisi.<\/div> <\/div> <\/div> <\/div> <\/div> <a href=\"#\" target=\"_self\" class=\"quickfinder-item-link\"><\/a> <\/div> <\/div>[\/vc_column_inner][\/vc_row_inner]<\/div><\/div>[\/vc_column][\/vc_row]<\/p>\n","protected":false},"excerpt":{"rendered":"<p>Lorem Ipsum. Proin gravida nibh vel velit auctor aliquet. Aenean sollicitudin, lorem quis bibendum auctor, nisi elit consequat ipsum, nec sagittis sem nibh id elit. Duis sed odio sit amet nibh vulputate cursus a sit amet mauris. Morbi accumsan ipsum velit. Nam nec tellus a odio tincidunt auctor a ornare odio. Sed non  mauris vitae erat consequat auctor eu in elit.<\/p>\n","protected":false},"author":1,"featured_media":0,"parent":0,"menu_order":0,"comment_status":"closed","ping_status":"closed","template":"","meta":{"footnotes":""},"class_list":["post-927","page","type-page","status-publish"],"_links":{"self":[{"href":"https:\/\/www.nord-acrobat.com\/index.php\/wp-json\/wp\/v2\/pages\/927","targetHints":{"allow":["GET"]}}],"collection":[{"href":"https:\/\/www.nord-acrobat.com\/index.php\/wp-json\/wp\/v2\/pages"}],"about":[{"href":"https:\/\/www.nord-acrobat.com\/index.php\/wp-json\/wp\/v2\/types\/page"}],"author":[{"embeddable":true,"href":"https:\/\/www.nord-acrobat.com\/index.php\/wp-json\/wp\/v2\/users\/1"}],"replies":[{"embeddable":true,"href":"https:\/\/www.nord-acrobat.com\/index.php\/wp-json\/wp\/v2\/comments?post=927"}],"version-history":[{"count":34,"href":"https:\/\/www.nord-acrobat.com\/index.php\/wp-json\/wp\/v2\/pages\/927\/revisions"}],"predecessor-version":[{"id":4738,"href":"https:\/\/www.nord-acrobat.com\/index.php\/wp-json\/wp\/v2\/pages\/927\/revisions\/4738"}],"wp:attachment":[{"href":"https:\/\/www.nord-acrobat.com\/index.php\/wp-json\/wp\/v2\/media?parent=927"}],"curies":[{"name":"wp","href":"https:\/\/api.w.org\/{rel}","templated":true}]}}