{"id":3687,"date":"2021-04-08T13:52:36","date_gmt":"2021-04-08T11:52:36","guid":{"rendered":"http:\/\/iqlclno.cluster030.hosting.ovh.net\/?page_id=3687"},"modified":"2021-04-12T18:09:45","modified_gmt":"2021-04-12T16:09:45","slug":"maconnerie","status":"publish","type":"page","link":"https:\/\/www.nord-acrobat.com\/index.php\/maconnerie\/","title":{"rendered":"Ma\u00e7onnerie"},"content":{"rendered":"<p>[vc_row ken_burns_transition_speed=&#8221;15000&#8243; css_animation=&#8221;fadeIn&#8221; ken_burns_enabled=&#8221;true&#8221; css=&#8221;.vc_custom_1617723623137{margin-bottom: 0px !important;padding-bottom: 50px !important;}&#8221;][vc_column offset=&#8221;vc_col-md-6&#8243; css=&#8221;.vc_custom_1617721899563{margin-bottom: -45px !important;}&#8221;][vc_column_text css_animation=&#8221;fadeIn&#8221; effects_enabled_delay=&#8221;700&#8243;]<\/p>\n<div class=\"title-h6\"><span style=\"color: #bf9c61;\">ACC\u00c8S DIFFICILES \/ NORD ACRO BAT<\/span><\/div>\n<p>[\/vc_column_text]<div class=\"clearboth\"><\/div><div class=\"gem-divider \" style=\"margin-top: 26px;\"><\/div>[vc_column_text css=&#8221;.vc_custom_1617802655139{margin-top: -10px !important;}&#8221;]<\/p>\n<div class=\"title-h4\">V\u00c9RIFICATIONS, DIAGNOSTICS, R\u00c9PARATIONS &amp; ENTRETIEN<\/div>\n<p>[\/vc_column_text]<div class=\"clearboth\"><\/div><div class=\"gem-divider \" style=\"margin-top: 26px;\"><\/div>[vc_column_text]<\/p>\n<h6><span style=\"font-weight: 300;\">NORD ACRO BAT ASSURE LES MISSIONS D&#8217;INSPECTION ET CONTR\u00d4LE EN ZONE D&#8217;ACC\u00c8S DIFFICILE, CONFIN\u00c9S ET DE GRANDES HAUTEURS (B\u00c2TIMENT \/ OUVRAGE D&#8217;ART \/ INDUSTRIE)<\/span><\/h6>\n<h6><span style=\"font-weight: 300;\">NOUS ASSISTONS LES EXPERTS, MA\u00ceTRE D&#8217;OUVRAGE, BUREAUX D&#8217;\u00c9TUDES EN ACC\u00c9DANT \u00c0 CES ZONES EN RAPPEL SUR CORDE, OU \u00c0 L&#8217;AIDE D&#8217;UNE NACELLE T\u00c9L\u00c9SCOPIQUE ARTICUL\u00c9E.<\/span><\/h6>\n<h6><span style=\"font-weight: 300;\">NOUS POUVONS \u00c9GALEMENT FAIRE INTERVENIR UN DR\u00d4NE DANS LE SEUL CAS OU AUCUNE AUSCULTATION, AUCUN PR\u00c9L\u00c8VEMENT OU ENCORE AUCUN RELEV\u00c9 N&#8217;EST N\u00c9CESSAIRE.<\/span><\/h6>\n<p>[\/vc_column_text]<div class=\"clearboth\"><\/div><div class=\"gem-divider \" style=\"margin-top: 70px;\"><\/div><div class=\"preloader\"><div class=\"preloader-spin\"><\/div><\/div> <div class=\"gem-gallery gem-gallery-hover-default\"> <div class=\"gem-gallery-item\"> <div class=\"gem-gallery-item-image\"> <a href=\"https:\/\/www.nord-acrobat.com\/wp-content\/uploads\/2021\/04\/Nord-Acro-Bat-22-thegem-gallery-fullwidth.jpg\" data-fancybox-group=\"gallery-69da4f63b15e6\" data-full-image-url=\"https:\/\/www.nord-acrobat.com\/wp-content\/uploads\/2021\/04\/Nord-Acro-Bat-22.jpg\"> <svg width=\"20\" height=\"10\"><path d=\"M 0,10 Q 9,9 10,0 Q 11,9 20,10\" \/><\/svg> <img decoding=\"async\" src=\"https:\/\/www.nord-acrobat.com\/wp-content\/uploads\/2021\/04\/Nord-Acro-Bat-22-thegem-post-thumb-small.jpg\" alt=\"\" class=\"img-responsive\"> <span class=\"gem-gallery-caption slide-info\"> <\/span> <\/a> <span class=\"gem-gallery-line\"><\/span> <\/div> <\/div> <div class=\"gem-gallery-item\"> <div class=\"gem-gallery-item-image\"> <a href=\"https:\/\/www.nord-acrobat.com\/wp-content\/uploads\/2021\/04\/maconnerie-acces-difficile-NORD-ACRO-BAT-thegem-gallery-fullwidth.jpg\" data-fancybox-group=\"gallery-69da4f63b15e6\" data-full-image-url=\"https:\/\/www.nord-acrobat.com\/wp-content\/uploads\/2021\/04\/maconnerie-acces-difficile-NORD-ACRO-BAT.jpg\"> <svg width=\"20\" height=\"10\"><path d=\"M 0,10 Q 9,9 10,0 Q 11,9 20,10\" \/><\/svg> <img decoding=\"async\" src=\"https:\/\/www.nord-acrobat.com\/wp-content\/uploads\/2021\/04\/maconnerie-acces-difficile-NORD-ACRO-BAT-thegem-post-thumb-small.jpg\" alt=\"\" class=\"img-responsive\"> <span class=\"gem-gallery-caption slide-info\"> <\/span> <\/a> <span class=\"gem-gallery-line\"><\/span> <\/div> <\/div> <div class=\"gem-gallery-item\"> <div class=\"gem-gallery-item-image\"> <a href=\"https:\/\/www.nord-acrobat.com\/wp-content\/uploads\/2021\/04\/Nord-Acro-Bat-23-thegem-gallery-fullwidth.jpg\" data-fancybox-group=\"gallery-69da4f63b15e6\" data-full-image-url=\"https:\/\/www.nord-acrobat.com\/wp-content\/uploads\/2021\/04\/Nord-Acro-Bat-23.jpg\"> <svg width=\"20\" height=\"10\"><path d=\"M 0,10 Q 9,9 10,0 Q 11,9 20,10\" \/><\/svg> <img decoding=\"async\" src=\"https:\/\/www.nord-acrobat.com\/wp-content\/uploads\/2021\/04\/Nord-Acro-Bat-23-thegem-post-thumb-small.jpg\" alt=\"\" class=\"img-responsive\"> <span class=\"gem-gallery-caption slide-info\"> <\/span> <\/a> <span class=\"gem-gallery-line\"><\/span> <\/div> <\/div> <div class=\"gem-gallery-item\"> <div class=\"gem-gallery-item-image\"> <a href=\"https:\/\/www.nord-acrobat.com\/wp-content\/uploads\/2021\/04\/Nord-Acro-Bat-5-3-thegem-gallery-fullwidth.jpg\" data-fancybox-group=\"gallery-69da4f63b15e6\" data-full-image-url=\"https:\/\/www.nord-acrobat.com\/wp-content\/uploads\/2021\/04\/Nord-Acro-Bat-5-3.jpg\"> <svg width=\"20\" height=\"10\"><path d=\"M 0,10 Q 9,9 10,0 Q 11,9 20,10\" \/><\/svg> <img decoding=\"async\" src=\"https:\/\/www.nord-acrobat.com\/wp-content\/uploads\/2021\/04\/Nord-Acro-Bat-5-3-thegem-post-thumb-small.jpg\" alt=\"\" class=\"img-responsive\"> <span class=\"gem-gallery-caption slide-info\"> <\/span> <\/a> <span class=\"gem-gallery-line\"><\/span> <\/div> <\/div> <div class=\"gem-gallery-item\"> <div class=\"gem-gallery-item-image\"> <a href=\"https:\/\/www.nord-acrobat.com\/wp-content\/uploads\/2021\/04\/Nord-Acro-Bat-6-3-thegem-gallery-fullwidth.jpg\" data-fancybox-group=\"gallery-69da4f63b15e6\" data-full-image-url=\"https:\/\/www.nord-acrobat.com\/wp-content\/uploads\/2021\/04\/Nord-Acro-Bat-6-3.jpg\"> <svg width=\"20\" height=\"10\"><path d=\"M 0,10 Q 9,9 10,0 Q 11,9 20,10\" \/><\/svg> <img decoding=\"async\" src=\"https:\/\/www.nord-acrobat.com\/wp-content\/uploads\/2021\/04\/Nord-Acro-Bat-6-3-thegem-post-thumb-small.jpg\" alt=\"\" class=\"img-responsive\"> <span class=\"gem-gallery-caption slide-info\"> <\/span> <\/a> <span class=\"gem-gallery-line\"><\/span> <\/div> <\/div> <div class=\"gem-gallery-item\"> <div class=\"gem-gallery-item-image\"> <a href=\"https:\/\/www.nord-acrobat.com\/wp-content\/uploads\/2021\/04\/Nord-Acro-Bat-5-copie-thegem-gallery-fullwidth.jpg\" data-fancybox-group=\"gallery-69da4f63b15e6\" data-full-image-url=\"https:\/\/www.nord-acrobat.com\/wp-content\/uploads\/2021\/04\/Nord-Acro-Bat-5-copie.jpg\"> <svg width=\"20\" height=\"10\"><path d=\"M 0,10 Q 9,9 10,0 Q 11,9 20,10\" \/><\/svg> <img decoding=\"async\" src=\"https:\/\/www.nord-acrobat.com\/wp-content\/uploads\/2021\/04\/Nord-Acro-Bat-5-copie-thegem-post-thumb-small.jpg\" alt=\"\" class=\"img-responsive\"> <span class=\"gem-gallery-caption slide-info\"> <\/span> <\/a> <span class=\"gem-gallery-line\"><\/span> <\/div> <\/div> <div class=\"gem-gallery-item\"> <div class=\"gem-gallery-item-image\"> <a href=\"https:\/\/www.nord-acrobat.com\/wp-content\/uploads\/2021\/04\/Nord-Acro-Bat-4-5-thegem-gallery-fullwidth.jpg\" data-fancybox-group=\"gallery-69da4f63b15e6\" data-full-image-url=\"https:\/\/www.nord-acrobat.com\/wp-content\/uploads\/2021\/04\/Nord-Acro-Bat-4-5.jpg\"> <svg width=\"20\" height=\"10\"><path d=\"M 0,10 Q 9,9 10,0 Q 11,9 20,10\" \/><\/svg> <img decoding=\"async\" src=\"https:\/\/www.nord-acrobat.com\/wp-content\/uploads\/2021\/04\/Nord-Acro-Bat-4-5-thegem-post-thumb-small.jpg\" alt=\"\" class=\"img-responsive\"> <span class=\"gem-gallery-caption slide-info\"> <\/span> <\/a> <span class=\"gem-gallery-line\"><\/span> <\/div> <\/div> <div class=\"gem-gallery-item\"> <div class=\"gem-gallery-item-image\"> <a href=\"https:\/\/www.nord-acrobat.com\/wp-content\/uploads\/2021\/04\/Nord-Acro-Bat-travaux-d-acces-difficile-77-thegem-gallery-fullwidth.jpg\" data-fancybox-group=\"gallery-69da4f63b15e6\" data-full-image-url=\"https:\/\/www.nord-acrobat.com\/wp-content\/uploads\/2021\/04\/Nord-Acro-Bat-travaux-d-acces-difficile-77.jpg\"> <svg width=\"20\" height=\"10\"><path d=\"M 0,10 Q 9,9 10,0 Q 11,9 20,10\" \/><\/svg> <img decoding=\"async\" src=\"https:\/\/www.nord-acrobat.com\/wp-content\/uploads\/2021\/04\/Nord-Acro-Bat-travaux-d-acces-difficile-77-thegem-post-thumb-small.jpg\" alt=\"\" class=\"img-responsive\"> <span class=\"gem-gallery-caption slide-info\"> <\/span> <\/a> <span class=\"gem-gallery-line\"><\/span> <\/div> <\/div> <div class=\"gem-gallery-item\"> <div class=\"gem-gallery-item-image\"> <a href=\"https:\/\/www.nord-acrobat.com\/wp-content\/uploads\/2021\/04\/Nord-Acro-Bat-travaux-d-acces-difficile-70-thegem-gallery-fullwidth.jpg\" data-fancybox-group=\"gallery-69da4f63b15e6\" data-full-image-url=\"https:\/\/www.nord-acrobat.com\/wp-content\/uploads\/2021\/04\/Nord-Acro-Bat-travaux-d-acces-difficile-70.jpg\"> <svg width=\"20\" height=\"10\"><path d=\"M 0,10 Q 9,9 10,0 Q 11,9 20,10\" \/><\/svg> <img decoding=\"async\" src=\"https:\/\/www.nord-acrobat.com\/wp-content\/uploads\/2021\/04\/Nord-Acro-Bat-travaux-d-acces-difficile-70-thegem-post-thumb-small.jpg\" alt=\"\" class=\"img-responsive\"> <span class=\"gem-gallery-caption slide-info\"> <\/span> <\/a> <span class=\"gem-gallery-line\"><\/span> <\/div> <\/div> <div class=\"gem-gallery-item\"> <div class=\"gem-gallery-item-image\"> <a href=\"https:\/\/www.nord-acrobat.com\/wp-content\/uploads\/2021\/04\/Nord-Acro-Bat-travaux-d-acces-difficile-69-thegem-gallery-fullwidth.jpg\" data-fancybox-group=\"gallery-69da4f63b15e6\" data-full-image-url=\"https:\/\/www.nord-acrobat.com\/wp-content\/uploads\/2021\/04\/Nord-Acro-Bat-travaux-d-acces-difficile-69.jpg\"> <svg width=\"20\" height=\"10\"><path d=\"M 0,10 Q 9,9 10,0 Q 11,9 20,10\" \/><\/svg> <img decoding=\"async\" src=\"https:\/\/www.nord-acrobat.com\/wp-content\/uploads\/2021\/04\/Nord-Acro-Bat-travaux-d-acces-difficile-69-thegem-post-thumb-small.jpg\" alt=\"\" class=\"img-responsive\"> <span class=\"gem-gallery-caption slide-info\"> <\/span> <\/a> <span class=\"gem-gallery-line\"><\/span> <\/div> <\/div> <div class=\"gem-gallery-item\"> <div class=\"gem-gallery-item-image\"> <a href=\"https:\/\/www.nord-acrobat.com\/wp-content\/uploads\/2021\/04\/Nord-Acro-Bat-travaux-d-acces-difficile-68-thegem-gallery-fullwidth.jpg\" data-fancybox-group=\"gallery-69da4f63b15e6\" data-full-image-url=\"https:\/\/www.nord-acrobat.com\/wp-content\/uploads\/2021\/04\/Nord-Acro-Bat-travaux-d-acces-difficile-68.jpg\"> <svg width=\"20\" height=\"10\"><path d=\"M 0,10 Q 9,9 10,0 Q 11,9 20,10\" \/><\/svg> <img decoding=\"async\" src=\"https:\/\/www.nord-acrobat.com\/wp-content\/uploads\/2021\/04\/Nord-Acro-Bat-travaux-d-acces-difficile-68-thegem-post-thumb-small.jpg\" alt=\"\" class=\"img-responsive\"> <span class=\"gem-gallery-caption slide-info\"> <\/span> <\/a> <span class=\"gem-gallery-line\"><\/span> <\/div> <\/div> <div class=\"gem-gallery-item\"> <div class=\"gem-gallery-item-image\"> <a href=\"https:\/\/www.nord-acrobat.com\/wp-content\/uploads\/2021\/04\/Nord-Acro-Bat-travaux-d-acces-difficile-67-thegem-gallery-fullwidth.jpg\" data-fancybox-group=\"gallery-69da4f63b15e6\" data-full-image-url=\"https:\/\/www.nord-acrobat.com\/wp-content\/uploads\/2021\/04\/Nord-Acro-Bat-travaux-d-acces-difficile-67.jpg\"> <svg width=\"20\" height=\"10\"><path d=\"M 0,10 Q 9,9 10,0 Q 11,9 20,10\" \/><\/svg> <img decoding=\"async\" src=\"https:\/\/www.nord-acrobat.com\/wp-content\/uploads\/2021\/04\/Nord-Acro-Bat-travaux-d-acces-difficile-67-thegem-post-thumb-small.jpg\" alt=\"\" class=\"img-responsive\"> <span class=\"gem-gallery-caption slide-info\"> <\/span> <\/a> <span class=\"gem-gallery-line\"><\/span> <\/div> <\/div> <div class=\"gem-gallery-item\"> <div class=\"gem-gallery-item-image\"> <a href=\"https:\/\/www.nord-acrobat.com\/wp-content\/uploads\/2021\/04\/Nord-Acro-Bat-travaux-d-acces-difficile-11-thegem-gallery-fullwidth.jpg\" data-fancybox-group=\"gallery-69da4f63b15e6\" data-full-image-url=\"https:\/\/www.nord-acrobat.com\/wp-content\/uploads\/2021\/04\/Nord-Acro-Bat-travaux-d-acces-difficile-11.jpg\"> <svg width=\"20\" height=\"10\"><path d=\"M 0,10 Q 9,9 10,0 Q 11,9 20,10\" \/><\/svg> <img decoding=\"async\" src=\"https:\/\/www.nord-acrobat.com\/wp-content\/uploads\/2021\/04\/Nord-Acro-Bat-travaux-d-acces-difficile-11-thegem-post-thumb-small.jpg\" alt=\"\" class=\"img-responsive\"> <span class=\"gem-gallery-caption slide-info\"> <\/span> <\/a> <span class=\"gem-gallery-line\"><\/span> <\/div> <\/div> <div class=\"gem-gallery-item\"> <div class=\"gem-gallery-item-image\"> <a href=\"https:\/\/www.nord-acrobat.com\/wp-content\/uploads\/2021\/04\/Nord-Acro-Bat-travaux-d-acces-difficile-12-thegem-gallery-fullwidth.jpg\" data-fancybox-group=\"gallery-69da4f63b15e6\" data-full-image-url=\"https:\/\/www.nord-acrobat.com\/wp-content\/uploads\/2021\/04\/Nord-Acro-Bat-travaux-d-acces-difficile-12.jpg\"> <svg width=\"20\" height=\"10\"><path d=\"M 0,10 Q 9,9 10,0 Q 11,9 20,10\" \/><\/svg> <img decoding=\"async\" src=\"https:\/\/www.nord-acrobat.com\/wp-content\/uploads\/2021\/04\/Nord-Acro-Bat-travaux-d-acces-difficile-12-thegem-post-thumb-small.jpg\" alt=\"\" class=\"img-responsive\"> <span class=\"gem-gallery-caption slide-info\"> <\/span> <\/a> <span class=\"gem-gallery-line\"><\/span> <\/div> <\/div> <div class=\"gem-gallery-item\"> <div class=\"gem-gallery-item-image\"> <a href=\"https:\/\/www.nord-acrobat.com\/wp-content\/uploads\/2021\/04\/Nord-Acro-Bat-travaux-d-acces-difficile-13-thegem-gallery-fullwidth.jpg\" data-fancybox-group=\"gallery-69da4f63b15e6\" data-full-image-url=\"https:\/\/www.nord-acrobat.com\/wp-content\/uploads\/2021\/04\/Nord-Acro-Bat-travaux-d-acces-difficile-13.jpg\"> <svg width=\"20\" height=\"10\"><path d=\"M 0,10 Q 9,9 10,0 Q 11,9 20,10\" \/><\/svg> <img decoding=\"async\" src=\"https:\/\/www.nord-acrobat.com\/wp-content\/uploads\/2021\/04\/Nord-Acro-Bat-travaux-d-acces-difficile-13-thegem-post-thumb-small.jpg\" alt=\"\" class=\"img-responsive\"> <span class=\"gem-gallery-caption slide-info\"> <\/span> <\/a> <span class=\"gem-gallery-line\"><\/span> <\/div> <\/div> <div class=\"gem-gallery-item\"> <div class=\"gem-gallery-item-image\"> <a href=\"https:\/\/www.nord-acrobat.com\/wp-content\/uploads\/2021\/04\/Nord-Acro-Bat-travaux-d-acces-difficile-9-thegem-gallery-fullwidth.jpg\" data-fancybox-group=\"gallery-69da4f63b15e6\" data-full-image-url=\"https:\/\/www.nord-acrobat.com\/wp-content\/uploads\/2021\/04\/Nord-Acro-Bat-travaux-d-acces-difficile-9.jpg\"> <svg width=\"20\" height=\"10\"><path d=\"M 0,10 Q 9,9 10,0 Q 11,9 20,10\" \/><\/svg> <img decoding=\"async\" src=\"https:\/\/www.nord-acrobat.com\/wp-content\/uploads\/2021\/04\/Nord-Acro-Bat-travaux-d-acces-difficile-9-thegem-post-thumb-small.jpg\" alt=\"\" class=\"img-responsive\"> <span class=\"gem-gallery-caption slide-info\"> <\/span> <\/a> <span class=\"gem-gallery-line\"><\/span> <\/div> <\/div> <div class=\"gem-gallery-item\"> <div class=\"gem-gallery-item-image\"> <a href=\"https:\/\/www.nord-acrobat.com\/wp-content\/uploads\/2021\/04\/Nord-Acro-Bat-travaux-d-acces-difficile-8-thegem-gallery-fullwidth.jpg\" data-fancybox-group=\"gallery-69da4f63b15e6\" data-full-image-url=\"https:\/\/www.nord-acrobat.com\/wp-content\/uploads\/2021\/04\/Nord-Acro-Bat-travaux-d-acces-difficile-8.jpg\"> <svg width=\"20\" height=\"10\"><path d=\"M 0,10 Q 9,9 10,0 Q 11,9 20,10\" \/><\/svg> <img decoding=\"async\" src=\"https:\/\/www.nord-acrobat.com\/wp-content\/uploads\/2021\/04\/Nord-Acro-Bat-travaux-d-acces-difficile-8-thegem-post-thumb-small.jpg\" alt=\"\" class=\"img-responsive\"> <span class=\"gem-gallery-caption slide-info\"> <\/span> <\/a> <span class=\"gem-gallery-line\"><\/span> <\/div> <\/div> <div class=\"gem-gallery-item\"> <div class=\"gem-gallery-item-image\"> <a href=\"https:\/\/www.nord-acrobat.com\/wp-content\/uploads\/2021\/04\/Nord-Acro-Bat-travaux-d-acces-difficile-10-thegem-gallery-fullwidth.jpg\" data-fancybox-group=\"gallery-69da4f63b15e6\" data-full-image-url=\"https:\/\/www.nord-acrobat.com\/wp-content\/uploads\/2021\/04\/Nord-Acro-Bat-travaux-d-acces-difficile-10.jpg\"> <svg width=\"20\" height=\"10\"><path d=\"M 0,10 Q 9,9 10,0 Q 11,9 20,10\" \/><\/svg> <img decoding=\"async\" src=\"https:\/\/www.nord-acrobat.com\/wp-content\/uploads\/2021\/04\/Nord-Acro-Bat-travaux-d-acces-difficile-10-thegem-post-thumb-small.jpg\" alt=\"\" class=\"img-responsive\"> <span class=\"gem-gallery-caption slide-info\"> <\/span> <\/a> <span class=\"gem-gallery-line\"><\/span> <\/div> <\/div> <div class=\"gem-gallery-item\"> <div class=\"gem-gallery-item-image\"> <a href=\"https:\/\/www.nord-acrobat.com\/wp-content\/uploads\/2021\/04\/Nord-Acro-Bat-travaux-d-acces-difficile-7-thegem-gallery-fullwidth.jpg\" data-fancybox-group=\"gallery-69da4f63b15e6\" data-full-image-url=\"https:\/\/www.nord-acrobat.com\/wp-content\/uploads\/2021\/04\/Nord-Acro-Bat-travaux-d-acces-difficile-7.jpg\"> <svg width=\"20\" height=\"10\"><path d=\"M 0,10 Q 9,9 10,0 Q 11,9 20,10\" \/><\/svg> <img decoding=\"async\" src=\"https:\/\/www.nord-acrobat.com\/wp-content\/uploads\/2021\/04\/Nord-Acro-Bat-travaux-d-acces-difficile-7-thegem-post-thumb-small.jpg\" alt=\"\" class=\"img-responsive\"> <span class=\"gem-gallery-caption slide-info\"> <\/span> <\/a> <span class=\"gem-gallery-line\"><\/span> <\/div> <\/div> <div class=\"gem-gallery-item\"> <div class=\"gem-gallery-item-image\"> <a href=\"https:\/\/www.nord-acrobat.com\/wp-content\/uploads\/2021\/04\/Nord-Acro-Bat-2-8-thegem-gallery-fullwidth.jpg\" data-fancybox-group=\"gallery-69da4f63b15e6\" data-full-image-url=\"https:\/\/www.nord-acrobat.com\/wp-content\/uploads\/2021\/04\/Nord-Acro-Bat-2-8.jpg\"> <svg width=\"20\" height=\"10\"><path d=\"M 0,10 Q 9,9 10,0 Q 11,9 20,10\" \/><\/svg> <img decoding=\"async\" src=\"https:\/\/www.nord-acrobat.com\/wp-content\/uploads\/2021\/04\/Nord-Acro-Bat-2-8-thegem-post-thumb-small.jpg\" alt=\"\" class=\"img-responsive\"> <span class=\"gem-gallery-caption slide-info\"> <\/span> <\/a> <span class=\"gem-gallery-line\"><\/span> <\/div> <\/div> <\/div>[\/vc_column][vc_column css_animation=&#8221;fadeIn&#8221; parallax=&#8221;content-moving-fade&#8221; offset=&#8221;vc_col-md-6&#8243; effects_enabled_delay=&#8221;500&#8243;]<div class=\"centered-box gem-image-centered-box\"><div class=\"gem-image gem-wrapbox gem-wrapbox-style-default gem-wrapbox-position-centered lazy-loading\"  style=\"width: 0px;height: 0px;\"><div class=\"gem-wrapbox-inner  lazy-loading-item\"  data-ll-effect=\"move-up\"><a href=\"\" class=\"fancybox\"><img decoding=\"async\" class=\"gem-wrapbox-element img-responsive\" src=\"\" alt=\"\"\/><\/a><\/div><\/div><\/div>[vc_empty_space height=&#8221;28px&#8221;]<div class=\"gem-list lazy-loading gem-list-type-check-style-1\" data-ll-item-delay=\"500\"><ul>\n<li><strong>RELEV\u00c9 D&#8217;IMAGES VIDEO &amp; PHOTOS NUM\u00c9RIQUES<\/strong><\/li>\n<li><strong>RELEV\u00c9 DE C\u00d4TES AU LASER<\/strong><\/li>\n<li><strong>INSPECTION VISUELLE (PYL\u00d4NES \/ M\u00c2TS \/ SILOS \/ CUVES \/ CHARPENTES)<\/strong><\/li>\n<li><strong>CONTR\u00d4LE DE POINTS D&#8217;ANCRAGES<\/strong><\/li>\n<li><strong>CONTR\u00d4LE NON DESTRUCTIF (ULTRA-SONS \/ MAGN\u00c9TOSCOPIE)<\/strong><\/li>\n<li><strong>CONTR\u00d4LES ET RELEV\u00c9S<\/strong><\/li>\n<li><strong>CONTR\u00d4LES DE SERRAGES SUR STRUCTURES<\/strong><\/li>\n<li><strong>CONSTAT PATHOLOGIQUE DU B\u00c2TIMENT (CHEMIN\u00c9E \/ TOITURE \/ FA\u00c7ADE)<\/strong><\/li>\n<li><strong>RECHERCHES DE FUITES &amp; INFILTRATIONS, ETC&#8230;<\/strong><\/li>\n<li><strong>INSPECTION COUVERTURE ET FA\u00c7ADE (RAPPORT D\u00c9TAILL\u00c9)<\/strong><\/li>\n<\/ul>\n<\/div>[\/vc_column][\/vc_row][vc_row][vc_column css_animation=&#8221;fadeIn&#8221; effects_enabled_delay=&#8221;500&#8243; css=&#8221;.vc_custom_1617723699590{padding-bottom: 30px !important;}&#8221;][vc_separator el_width=&#8221;80&#8243;][vc_column_text css_animation=&#8221;bounceInRight&#8221; effects_enabled_delay=&#8221;700&#8243;]<\/p>\n<div class=\"styled-subtitle\" style=\"text-align: center;\">\n<p><span style=\"color: #808000;\">Nos interventions permettent la continuit\u00e9 de votre activit\u00e9 durant la dur\u00e9e des travaux en hauteur et \u00e9vitent ainsi les pertes d\u2019exploitation.<\/span><\/p>\n<\/div>\n<p>[\/vc_column_text][\/vc_column][\/vc_row]<\/p>\n","protected":false},"excerpt":{"rendered":"<p>[vc_row ken_burns_transition_speed=&#8221;15000&#8243; css_animation=&#8221;fadeIn&#8221; ken_burns_enabled=&#8221;true&#8221; css=&#8221;.vc_custom_1617723623137{margin-bottom: 0px !important;padding-bottom: 50px !important;}&#8221;][vc_column offset=&#8221;vc_col-md-6&#8243; css=&#8221;.vc_custom_1617721899563{margin-bottom: -45px !important;}&#8221;][vc_column_text css_animation=&#8221;fadeIn&#8221; effects_enabled_delay=&#8221;700&#8243;] ACC\u00c8S DIFFICILES \/ NORD ACRO&#8230;<\/p>\n","protected":false},"author":1,"featured_media":0,"parent":0,"menu_order":0,"comment_status":"closed","ping_status":"closed","template":"","meta":{"footnotes":""},"class_list":["post-3687","page","type-page","status-publish"],"_links":{"self":[{"href":"https:\/\/www.nord-acrobat.com\/index.php\/wp-json\/wp\/v2\/pages\/3687","targetHints":{"allow":["GET"]}}],"collection":[{"href":"https:\/\/www.nord-acrobat.com\/index.php\/wp-json\/wp\/v2\/pages"}],"about":[{"href":"https:\/\/www.nord-acrobat.com\/index.php\/wp-json\/wp\/v2\/types\/page"}],"author":[{"embeddable":true,"href":"https:\/\/www.nord-acrobat.com\/index.php\/wp-json\/wp\/v2\/users\/1"}],"replies":[{"embeddable":true,"href":"https:\/\/www.nord-acrobat.com\/index.php\/wp-json\/wp\/v2\/comments?post=3687"}],"version-history":[{"count":2,"href":"https:\/\/www.nord-acrobat.com\/index.php\/wp-json\/wp\/v2\/pages\/3687\/revisions"}],"predecessor-version":[{"id":4243,"href":"https:\/\/www.nord-acrobat.com\/index.php\/wp-json\/wp\/v2\/pages\/3687\/revisions\/4243"}],"wp:attachment":[{"href":"https:\/\/www.nord-acrobat.com\/index.php\/wp-json\/wp\/v2\/media?parent=3687"}],"curies":[{"name":"wp","href":"https:\/\/api.w.org\/{rel}","templated":true}]}}