{"id":3671,"date":"2021-04-07T15:29:37","date_gmt":"2021-04-07T13:29:37","guid":{"rendered":"http:\/\/iqlclno.cluster030.hosting.ovh.net\/?page_id=3671"},"modified":"2021-04-18T19:46:31","modified_gmt":"2021-04-18T17:46:31","slug":"inspections-controles","status":"publish","type":"page","link":"https:\/\/www.nord-acrobat.com\/index.php\/inspections-controles\/","title":{"rendered":"Inspections &#038; contr\u00f4les"},"content":{"rendered":"<p>[vc_row ken_burns_transition_speed=&#8221;15000&#8243; css_animation=&#8221;fadeIn&#8221; ken_burns_enabled=&#8221;true&#8221; css=&#8221;.vc_custom_1617723623137{margin-bottom: 0px !important;padding-bottom: 50px !important;}&#8221;][vc_column offset=&#8221;vc_col-md-6&#8243; css=&#8221;.vc_custom_1617721899563{margin-bottom: -45px !important;}&#8221;][vc_column_text css_animation=&#8221;fadeIn&#8221; effects_enabled_delay=&#8221;700&#8243;]<\/p>\n<div class=\"title-h6\"><span style=\"color: #bf9c61;\">ACC\u00c8S DIFFICILES \/ NORD ACRO BAT<\/span><\/div>\n<p>[\/vc_column_text]<div class=\"clearboth\"><\/div><div class=\"gem-divider \" style=\"margin-top: 26px;\"><\/div>[vc_column_text css=&#8221;.vc_custom_1617802655139{margin-top: -10px !important;}&#8221;]<\/p>\n<div class=\"title-h4\">V\u00c9RIFICATIONS, DIAGNOSTICS, R\u00c9PARATIONS &amp; ENTRETIEN<\/div>\n<p>[\/vc_column_text]<div class=\"clearboth\"><\/div><div class=\"gem-divider \" style=\"margin-top: 26px;\"><\/div>[vc_column_text]<\/p>\n<p class=\"styled-subtitle\">Nord Acro Bat assure les missions d&#8217;inspection et de contr\u00f4le en zone d&#8217;acc\u00e8s difficile, confin\u00e9s et de grandes hauteurs (B\u00e2timent \/ Ouvrage d&#8217;art \/ Industrie)<\/p>\n<div class=\"styled-subtitle\">\n<p>Nous assistons les experts, ma\u00eetres d&#8217;ouvrage, bureaux d&#8217;\u00e9tudes en acc\u00e9dant \u00e0 ces zones en rappel sur corde, ou \u00e0 l&#8217;aide d&#8217;une nacelle t\u00e9lescopique articul\u00e9e.<\/p>\n<p>Nous pouvons <b>filmer<\/b>, \u00e0 l\u2019aide d\u2019une <b>cam\u00e9ra positionn\u00e9e sur nos casques<\/b>, vos dispositifs de s\u00e9curit\u00e9 d\u00e9j\u00e0 existants afin d\u2019<b>\u00e9valuer leur \u00e9tat<\/b>. Apr\u00e8s\u00a0<b>\u00e9tudes<\/b>, nous sommes en mesure de vous dire si, ces derniers sont encore\u00a0<b>viables<\/b> et, dans le cas contraire, vous proposer des <b>actions correctives<\/b>.<\/p>\n<h6>CONTR\u00d4LE D&#8217;INSTALLATION<\/h6>\n<p>En cas de besoin d\u2019une<b> mesure <\/b>(diam\u00e8tre de tuyau, taille de fissures,\u2026), nos<b> techniques d\u2019\u00e9volution sur cordes<\/b> permettent d\u2019<b>acc\u00e9der \u00e0 des endroits inaccessibles<\/b> sans syst\u00e8me ad\u00e9quate.<\/p>\n<\/div>\n<p>[\/vc_column_text]<div class=\"clearboth\"><\/div><div class=\"gem-divider \" style=\"margin-top: 50px;\"><\/div><div class=\"preloader\"><div class=\"preloader-spin\"><\/div><\/div> <div class=\"gem-gallery gem-gallery-hover-zooming-blur\" data-autoscroll=\"1500\"> <div class=\"gem-gallery-item\"> <div class=\"gem-gallery-item-image\"> <a href=\"https:\/\/www.nord-acrobat.com\/wp-content\/uploads\/2021\/04\/35-thegem-gallery-fullwidth.jpg\" data-fancybox-group=\"gallery-69da3c22d3f3e\" data-full-image-url=\"https:\/\/www.nord-acrobat.com\/wp-content\/uploads\/2021\/04\/35.jpg\"> <svg width=\"20\" height=\"10\"><path d=\"M 0,10 Q 9,9 10,0 Q 11,9 20,10\" \/><\/svg> <img decoding=\"async\" src=\"https:\/\/www.nord-acrobat.com\/wp-content\/uploads\/2021\/04\/35-thegem-post-thumb-small.jpg\" alt=\"\" class=\"img-responsive\"> <span class=\"gem-gallery-caption slide-info\"> <\/span> <\/a> <span class=\"gem-gallery-line\"><\/span> <\/div> <\/div> <div class=\"gem-gallery-item\"> <div class=\"gem-gallery-item-image\"> <a href=\"https:\/\/www.nord-acrobat.com\/wp-content\/uploads\/2021\/04\/Nord-Acro-Bat-travaux-en-hauteur-sur-corde-acces-difficile-thegem-gallery-fullwidth.jpg\" data-fancybox-group=\"gallery-69da3c22d3f3e\" data-full-image-url=\"https:\/\/www.nord-acrobat.com\/wp-content\/uploads\/2021\/04\/Nord-Acro-Bat-travaux-en-hauteur-sur-corde-acces-difficile.jpg\"> <svg width=\"20\" height=\"10\"><path d=\"M 0,10 Q 9,9 10,0 Q 11,9 20,10\" \/><\/svg> <img decoding=\"async\" src=\"https:\/\/www.nord-acrobat.com\/wp-content\/uploads\/2021\/04\/Nord-Acro-Bat-travaux-en-hauteur-sur-corde-acces-difficile-thegem-post-thumb-small.jpg\" alt=\"\" class=\"img-responsive\"> <span class=\"gem-gallery-caption slide-info\"> <\/span> <\/a> <span class=\"gem-gallery-line\"><\/span> <\/div> <\/div> <div class=\"gem-gallery-item\"> <div class=\"gem-gallery-item-image\"> <a href=\"https:\/\/www.nord-acrobat.com\/wp-content\/uploads\/2021\/04\/Nord-Acro-Bat-travaux-en-hauteur-sur-corde-acces-difficile-3-1-thegem-gallery-fullwidth.jpg\" data-fancybox-group=\"gallery-69da3c22d3f3e\" data-full-image-url=\"https:\/\/www.nord-acrobat.com\/wp-content\/uploads\/2021\/04\/Nord-Acro-Bat-travaux-en-hauteur-sur-corde-acces-difficile-3-1.jpg\"> <svg width=\"20\" height=\"10\"><path d=\"M 0,10 Q 9,9 10,0 Q 11,9 20,10\" \/><\/svg> <img decoding=\"async\" src=\"https:\/\/www.nord-acrobat.com\/wp-content\/uploads\/2021\/04\/Nord-Acro-Bat-travaux-en-hauteur-sur-corde-acces-difficile-3-1-thegem-post-thumb-small.jpg\" alt=\"\" class=\"img-responsive\"> <span class=\"gem-gallery-caption slide-info\"> <\/span> <\/a> <span class=\"gem-gallery-line\"><\/span> <\/div> <\/div> <div class=\"gem-gallery-item\"> <div class=\"gem-gallery-item-image\"> <a href=\"https:\/\/www.nord-acrobat.com\/wp-content\/uploads\/2021\/04\/Nord-Acro-Bat-travaux-en-hauteur-sur-corde-acces-difficile-16-1.jpg\" data-fancybox-group=\"gallery-69da3c22d3f3e\" data-full-image-url=\"https:\/\/www.nord-acrobat.com\/wp-content\/uploads\/2021\/04\/Nord-Acro-Bat-travaux-en-hauteur-sur-corde-acces-difficile-16-1.jpg\"> <svg width=\"20\" height=\"10\"><path d=\"M 0,10 Q 9,9 10,0 Q 11,9 20,10\" \/><\/svg> <img decoding=\"async\" src=\"https:\/\/www.nord-acrobat.com\/wp-content\/uploads\/2021\/04\/Nord-Acro-Bat-travaux-en-hauteur-sur-corde-acces-difficile-16-1-thegem-post-thumb-small.jpg\" alt=\"\" class=\"img-responsive\"> <span class=\"gem-gallery-caption slide-info\"> <\/span> <\/a> <span class=\"gem-gallery-line\"><\/span> <\/div> <\/div> <div class=\"gem-gallery-item\"> <div class=\"gem-gallery-item-image\"> <a href=\"https:\/\/www.nord-acrobat.com\/wp-content\/uploads\/2021\/04\/Nord-Acro-Bat-4-6-thegem-gallery-fullwidth.jpg\" data-fancybox-group=\"gallery-69da3c22d3f3e\" data-full-image-url=\"https:\/\/www.nord-acrobat.com\/wp-content\/uploads\/2021\/04\/Nord-Acro-Bat-4-6.jpg\"> <svg width=\"20\" height=\"10\"><path d=\"M 0,10 Q 9,9 10,0 Q 11,9 20,10\" \/><\/svg> <img decoding=\"async\" src=\"https:\/\/www.nord-acrobat.com\/wp-content\/uploads\/2021\/04\/Nord-Acro-Bat-4-6-thegem-post-thumb-small.jpg\" alt=\"\" class=\"img-responsive\"> <span class=\"gem-gallery-caption slide-info\"> <\/span> <\/a> <span class=\"gem-gallery-line\"><\/span> <\/div> <\/div> <div class=\"gem-gallery-item\"> <div class=\"gem-gallery-item-image\"> <a href=\"https:\/\/www.nord-acrobat.com\/wp-content\/uploads\/2021\/04\/Nord-Acro-Bat-4-4-thegem-gallery-fullwidth.jpg\" data-fancybox-group=\"gallery-69da3c22d3f3e\" data-full-image-url=\"https:\/\/www.nord-acrobat.com\/wp-content\/uploads\/2021\/04\/Nord-Acro-Bat-4-4.jpg\"> <svg width=\"20\" height=\"10\"><path d=\"M 0,10 Q 9,9 10,0 Q 11,9 20,10\" \/><\/svg> <img decoding=\"async\" src=\"https:\/\/www.nord-acrobat.com\/wp-content\/uploads\/2021\/04\/Nord-Acro-Bat-4-4-thegem-post-thumb-small.jpg\" alt=\"\" class=\"img-responsive\"> <span class=\"gem-gallery-caption slide-info\"> <\/span> <\/a> <span class=\"gem-gallery-line\"><\/span> <\/div> <\/div> <div class=\"gem-gallery-item\"> <div class=\"gem-gallery-item-image\"> <a href=\"https:\/\/www.nord-acrobat.com\/wp-content\/uploads\/2021\/04\/Nord-Acro-Bat-2-6-thegem-gallery-fullwidth.jpg\" data-fancybox-group=\"gallery-69da3c22d3f3e\" data-full-image-url=\"https:\/\/www.nord-acrobat.com\/wp-content\/uploads\/2021\/04\/Nord-Acro-Bat-2-6.jpg\"> <svg width=\"20\" height=\"10\"><path d=\"M 0,10 Q 9,9 10,0 Q 11,9 20,10\" \/><\/svg> <img decoding=\"async\" src=\"https:\/\/www.nord-acrobat.com\/wp-content\/uploads\/2021\/04\/Nord-Acro-Bat-2-6-thegem-post-thumb-small.jpg\" alt=\"\" class=\"img-responsive\"> <span class=\"gem-gallery-caption slide-info\"> <\/span> <\/a> <span class=\"gem-gallery-line\"><\/span> <\/div> <\/div> <div class=\"gem-gallery-item\"> <div class=\"gem-gallery-item-image\"> <a href=\"https:\/\/www.nord-acrobat.com\/wp-content\/uploads\/2021\/04\/Nord-Acro-Bat-travaux-d-acces-difficile-thegem-gallery-fullwidth.jpg\" data-fancybox-group=\"gallery-69da3c22d3f3e\" data-full-image-url=\"https:\/\/www.nord-acrobat.com\/wp-content\/uploads\/2021\/04\/Nord-Acro-Bat-travaux-d-acces-difficile.jpg\"> <svg width=\"20\" height=\"10\"><path d=\"M 0,10 Q 9,9 10,0 Q 11,9 20,10\" \/><\/svg> <img decoding=\"async\" src=\"https:\/\/www.nord-acrobat.com\/wp-content\/uploads\/2021\/04\/Nord-Acro-Bat-travaux-d-acces-difficile-thegem-post-thumb-small.jpg\" alt=\"\" class=\"img-responsive\"> <span class=\"gem-gallery-caption slide-info\"> <\/span> <\/a> <span class=\"gem-gallery-line\"><\/span> <\/div> <\/div> <div class=\"gem-gallery-item\"> <div class=\"gem-gallery-item-image\"> <a href=\"https:\/\/www.nord-acrobat.com\/wp-content\/uploads\/2021\/04\/Nord-Acro-Bat-travaux-d-acces-difficile-48-thegem-gallery-fullwidth.jpg\" data-fancybox-group=\"gallery-69da3c22d3f3e\" data-full-image-url=\"https:\/\/www.nord-acrobat.com\/wp-content\/uploads\/2021\/04\/Nord-Acro-Bat-travaux-d-acces-difficile-48.jpg\"> <svg width=\"20\" height=\"10\"><path d=\"M 0,10 Q 9,9 10,0 Q 11,9 20,10\" \/><\/svg> <img decoding=\"async\" src=\"https:\/\/www.nord-acrobat.com\/wp-content\/uploads\/2021\/04\/Nord-Acro-Bat-travaux-d-acces-difficile-48-thegem-post-thumb-small.jpg\" alt=\"\" class=\"img-responsive\"> <span class=\"gem-gallery-caption slide-info\"> <\/span> <\/a> <span class=\"gem-gallery-line\"><\/span> <\/div> <\/div> <div class=\"gem-gallery-item\"> <div class=\"gem-gallery-item-image\"> <a href=\"https:\/\/www.nord-acrobat.com\/wp-content\/uploads\/2021\/04\/Nord-Acro-Bat-travaux-d-acces-difficile-12-thegem-gallery-fullwidth.jpg\" data-fancybox-group=\"gallery-69da3c22d3f3e\" data-full-image-url=\"https:\/\/www.nord-acrobat.com\/wp-content\/uploads\/2021\/04\/Nord-Acro-Bat-travaux-d-acces-difficile-12.jpg\"> <svg width=\"20\" height=\"10\"><path d=\"M 0,10 Q 9,9 10,0 Q 11,9 20,10\" \/><\/svg> <img decoding=\"async\" src=\"https:\/\/www.nord-acrobat.com\/wp-content\/uploads\/2021\/04\/Nord-Acro-Bat-travaux-d-acces-difficile-12-thegem-post-thumb-small.jpg\" alt=\"\" class=\"img-responsive\"> <span class=\"gem-gallery-caption slide-info\"> <\/span> <\/a> <span class=\"gem-gallery-line\"><\/span> <\/div> <\/div> <div class=\"gem-gallery-item\"> <div class=\"gem-gallery-item-image\"> <a href=\"https:\/\/www.nord-acrobat.com\/wp-content\/uploads\/2021\/04\/Nord-Acro-Bat-travaux-d-acces-difficile-8-thegem-gallery-fullwidth.jpg\" data-fancybox-group=\"gallery-69da3c22d3f3e\" data-full-image-url=\"https:\/\/www.nord-acrobat.com\/wp-content\/uploads\/2021\/04\/Nord-Acro-Bat-travaux-d-acces-difficile-8.jpg\"> <svg width=\"20\" height=\"10\"><path d=\"M 0,10 Q 9,9 10,0 Q 11,9 20,10\" \/><\/svg> <img decoding=\"async\" src=\"https:\/\/www.nord-acrobat.com\/wp-content\/uploads\/2021\/04\/Nord-Acro-Bat-travaux-d-acces-difficile-8-thegem-post-thumb-small.jpg\" alt=\"\" class=\"img-responsive\"> <span class=\"gem-gallery-caption slide-info\"> <\/span> <\/a> <span class=\"gem-gallery-line\"><\/span> <\/div> <\/div> <div class=\"gem-gallery-item\"> <div class=\"gem-gallery-item-image\"> <a href=\"https:\/\/www.nord-acrobat.com\/wp-content\/uploads\/2021\/04\/Nord-Acro-Bat-9-thegem-gallery-fullwidth.jpg\" data-fancybox-group=\"gallery-69da3c22d3f3e\" data-full-image-url=\"https:\/\/www.nord-acrobat.com\/wp-content\/uploads\/2021\/04\/Nord-Acro-Bat-9.jpg\"> <svg width=\"20\" height=\"10\"><path d=\"M 0,10 Q 9,9 10,0 Q 11,9 20,10\" \/><\/svg> <img decoding=\"async\" src=\"https:\/\/www.nord-acrobat.com\/wp-content\/uploads\/2021\/04\/Nord-Acro-Bat-9-thegem-post-thumb-small.jpg\" alt=\"\" class=\"img-responsive\"> <span class=\"gem-gallery-caption slide-info\"> <\/span> <\/a> <span class=\"gem-gallery-line\"><\/span> <\/div> <\/div> <\/div>[\/vc_column][vc_column css_animation=&#8221;fadeIn&#8221; parallax=&#8221;content-moving&#8221; offset=&#8221;vc_col-md-6&#8243; effects_enabled_delay=&#8221;500&#8243;]<div class=\"centered-box gem-image-centered-box\"><div class=\"gem-image gem-wrapbox gem-wrapbox-style-default gem-wrapbox-position-centered lazy-loading\"  style=\"width: 0px;height: 0px;\"><div class=\"gem-wrapbox-inner  lazy-loading-item\"  data-ll-effect=\"move-up\"><a href=\"https:\/\/www.nord-acrobat.com\/wp-content\/uploads\/2021\/04\/inspection-controle-13.jpg\" class=\"fancybox\"><img decoding=\"async\" class=\"gem-wrapbox-element img-responsive\" src=\"https:\/\/www.nord-acrobat.com\/wp-content\/uploads\/2021\/04\/inspection-controle-13.jpg\" alt=\"\"\/><\/a><\/div><\/div><\/div>[vc_empty_space height=&#8221;35&#8243;]<div class=\"gem-list lazy-loading gem-list-type-check-style-1\" data-ll-item-delay=\"500\"><ul>\n<li><strong>RELEV\u00c9 D&#8217;IMAGES VIDEO &amp; PHOTOS NUM\u00c9RIQUES<\/strong><\/li>\n<li><strong>RELEV\u00c9 DE C\u00d4TES AU LASER<\/strong><\/li>\n<li><strong>INSPECTION VISUELLE (PYL\u00d4NES \/ M\u00c2TS \/ SILOS \/ CUVES \/ CHARPENTES)<\/strong><\/li>\n<li><strong>CONTR\u00d4LE DE POINTS D&#8217;ANCRAGES<\/strong><\/li>\n<li><strong>CONTR\u00d4LE NON DESTRUCTIF (ULTRA-SONS \/ MAGN\u00c9TOSCOPIE)<\/strong><\/li>\n<li><strong>CONTR\u00d4LES ET RELEV\u00c9S<\/strong><\/li>\n<li><strong>CONTR\u00d4LES DE SERRAGES SUR STRUCTURES<\/strong><\/li>\n<li><strong>CONSTAT PATHOLOGIQUE DU B\u00c2TIMENT (CHEMIN\u00c9E \/ TOITURE \/ FA\u00c7ADE)<\/strong><\/li>\n<li><strong>INSPECTION COUVERTURE ET FA\u00c7ADE (RAPPORT D\u00c9TAILL\u00c9)<\/strong><\/li>\n<\/ul>\n<\/div>[\/vc_column][\/vc_row][vc_row][vc_column css_animation=&#8221;fadeIn&#8221; effects_enabled_delay=&#8221;500&#8243; css=&#8221;.vc_custom_1617723699590{padding-bottom: 30px !important;}&#8221;][vc_separator el_width=&#8221;80&#8243;][vc_column_text css_animation=&#8221;bounceInRight&#8221; effects_enabled_delay=&#8221;700&#8243;]<\/p>\n<div class=\"styled-subtitle\" style=\"text-align: center;\">\n<p><span style=\"color: #808000;\">Nos interventions permettent la continuit\u00e9 de votre activit\u00e9 durant la dur\u00e9e des travaux en hauteur et \u00e9vitent ainsi les pertes d\u2019exploitation.<\/span><\/p>\n<\/div>\n<p>[\/vc_column_text][\/vc_column][\/vc_row]<\/p>\n","protected":false},"excerpt":{"rendered":"<p>[vc_row ken_burns_transition_speed=&#8221;15000&#8243; css_animation=&#8221;fadeIn&#8221; ken_burns_enabled=&#8221;true&#8221; css=&#8221;.vc_custom_1617723623137{margin-bottom: 0px !important;padding-bottom: 50px !important;}&#8221;][vc_column offset=&#8221;vc_col-md-6&#8243; css=&#8221;.vc_custom_1617721899563{margin-bottom: -45px !important;}&#8221;][vc_column_text css_animation=&#8221;fadeIn&#8221; effects_enabled_delay=&#8221;700&#8243;] ACC\u00c8S DIFFICILES \/ NORD ACRO&#8230;<\/p>\n","protected":false},"author":1,"featured_media":0,"parent":0,"menu_order":0,"comment_status":"closed","ping_status":"closed","template":"","meta":{"footnotes":""},"class_list":["post-3671","page","type-page","status-publish"],"_links":{"self":[{"href":"https:\/\/www.nord-acrobat.com\/index.php\/wp-json\/wp\/v2\/pages\/3671","targetHints":{"allow":["GET"]}}],"collection":[{"href":"https:\/\/www.nord-acrobat.com\/index.php\/wp-json\/wp\/v2\/pages"}],"about":[{"href":"https:\/\/www.nord-acrobat.com\/index.php\/wp-json\/wp\/v2\/types\/page"}],"author":[{"embeddable":true,"href":"https:\/\/www.nord-acrobat.com\/index.php\/wp-json\/wp\/v2\/users\/1"}],"replies":[{"embeddable":true,"href":"https:\/\/www.nord-acrobat.com\/index.php\/wp-json\/wp\/v2\/comments?post=3671"}],"version-history":[{"count":23,"href":"https:\/\/www.nord-acrobat.com\/index.php\/wp-json\/wp\/v2\/pages\/3671\/revisions"}],"predecessor-version":[{"id":4562,"href":"https:\/\/www.nord-acrobat.com\/index.php\/wp-json\/wp\/v2\/pages\/3671\/revisions\/4562"}],"wp:attachment":[{"href":"https:\/\/www.nord-acrobat.com\/index.php\/wp-json\/wp\/v2\/media?parent=3671"}],"curies":[{"name":"wp","href":"https:\/\/api.w.org\/{rel}","templated":true}]}}