{"id":3650,"date":"2021-04-07T13:07:50","date_gmt":"2021-04-07T11:07:50","guid":{"rendered":"http:\/\/iqlclno.cluster030.hosting.ovh.net\/?page_id=3650"},"modified":"2021-04-18T19:44:50","modified_gmt":"2021-04-18T17:44:50","slug":"metallerie-serrurie","status":"publish","type":"page","link":"https:\/\/www.nord-acrobat.com\/index.php\/metallerie-serrurie\/","title":{"rendered":"Charpente m\u00e9tallique"},"content":{"rendered":"<p>[vc_row ken_burns_transition_speed=&#8221;15000&#8243; css_animation=&#8221;fadeIn&#8221; ken_burns_enabled=&#8221;true&#8221; css=&#8221;.vc_custom_1617723623137{margin-bottom: 0px !important;padding-bottom: 50px !important;}&#8221;][vc_column offset=&#8221;vc_col-md-6&#8243; css=&#8221;.vc_custom_1617721899563{margin-bottom: -45px !important;}&#8221;][vc_column_text css_animation=&#8221;fadeIn&#8221; effects_enabled_delay=&#8221;700&#8243; css=&#8221;.vc_custom_1618306171022{padding-left: 30px !important;}&#8221;]<\/p>\n<div class=\"title-h6\"><span style=\"color: #bf9c61;\">ACC\u00c8S DIFFICILES \/ NORD ACRO BAT<\/span><\/div>\n<p>[\/vc_column_text]<div class=\"clearboth\"><\/div><div class=\"gem-divider \" style=\"margin-top: 26px;\"><\/div>[vc_column_text css=&#8221;.vc_custom_1618556361737{margin-top: -10px !important;padding-right: 30px !important;padding-left: 30px !important;}&#8221;]<\/p>\n<div class=\"title-h4\">POSE &amp; ENTRETIEN DES STRUCTURES M\u00c9TALLIQUES DE VOS B\u00c2TIMENTS<\/div>\n<p>[\/vc_column_text]<div class=\"clearboth\"><\/div><div class=\"gem-divider \" style=\"margin-top: 26px;\"><\/div>[vc_column_text css=&#8221;.vc_custom_1618743950703{padding-right: 30px !important;padding-left: 30px !important;}&#8221;]<\/p>\n<p class=\"styled-subtitle\"><span style=\"font-weight: 300;\">NORD ACRO BAT conjugue un savoir-faire et une exp\u00e9rience vous garantissant des solutions sur-mesures pour vos travaux acrobatiques sur charpentes, couvertures et zingueries.<\/span><\/p>\n<p class=\"styled-subtitle\"><span style=\"font-weight: 300;\">Nous effectuons tous travaux de m\u00e9tallerie-serrurerie et am\u00e9nagement d&#8217;acc\u00e8s tels que les escaliers, les passerelles, saut de loup &amp; emmarchements.<\/span><\/p>\n<p class=\"styled-subtitle\"><span style=\"font-weight: 300;\">Nos \u00e9quipes assurent la prise en charge de tout travaux en rapport \u00e0 la charpente en acc\u00e8s difficile (remplacement, r\u00e9paration, entretien, peinture &amp; protection). Nous assurons \u00e9galement la s\u00e9curisation de la zone de travail (pose de filets de protection) si necessaire&#8230; <\/span><\/p>\n<p>[\/vc_column_text]<div class=\"clearboth\"><\/div><div class=\"gem-divider \" style=\"margin-top: 50px;\"><\/div><div class=\"preloader\"><div class=\"preloader-spin\"><\/div><\/div> <div class=\"gem-gallery gem-gallery-hover-circular\" data-autoscroll=\"2500\"> <div class=\"gem-gallery-item\"> <div class=\"gem-gallery-item-image\"> <a href=\"https:\/\/www.nord-acrobat.com\/wp-content\/uploads\/2021\/04\/most-fordonski-904079_1280-e1618041646850-thegem-gallery-fullwidth.jpg\" data-fancybox-group=\"gallery-69da4c93e4bc8\" data-full-image-url=\"https:\/\/www.nord-acrobat.com\/wp-content\/uploads\/2021\/04\/most-fordonski-904079_1280-e1618041646850.jpg\"> <svg width=\"20\" height=\"10\"><path d=\"M 0,10 Q 9,9 10,0 Q 11,9 20,10\" \/><\/svg> <img decoding=\"async\" src=\"https:\/\/www.nord-acrobat.com\/wp-content\/uploads\/2021\/04\/most-fordonski-904079_1280-e1618041646850-thegem-post-thumb-small.jpg\" alt=\"\" class=\"img-responsive\"> <span class=\"gem-gallery-caption slide-info\"> <\/span> <\/a> <span class=\"gem-gallery-line\"><\/span> <\/div> <\/div> <div class=\"gem-gallery-item\"> <div class=\"gem-gallery-item-image\"> <a href=\"https:\/\/www.nord-acrobat.com\/wp-content\/uploads\/2021\/04\/Nord-Acro-Bat-travaux-en-hauteur-sur-corde-acces-difficile-69-thegem-gallery-fullwidth.jpg\" data-fancybox-group=\"gallery-69da4c93e4bc8\" data-full-image-url=\"https:\/\/www.nord-acrobat.com\/wp-content\/uploads\/2021\/04\/Nord-Acro-Bat-travaux-en-hauteur-sur-corde-acces-difficile-69.jpg\"> <svg width=\"20\" height=\"10\"><path d=\"M 0,10 Q 9,9 10,0 Q 11,9 20,10\" \/><\/svg> <img decoding=\"async\" src=\"https:\/\/www.nord-acrobat.com\/wp-content\/uploads\/2021\/04\/Nord-Acro-Bat-travaux-en-hauteur-sur-corde-acces-difficile-69-thegem-post-thumb-small.jpg\" alt=\"\" class=\"img-responsive\"> <span class=\"gem-gallery-caption slide-info\"> <\/span> <\/a> <span class=\"gem-gallery-line\"><\/span> <\/div> <\/div> <div class=\"gem-gallery-item\"> <div class=\"gem-gallery-item-image\"> <a href=\"https:\/\/www.nord-acrobat.com\/wp-content\/uploads\/2021\/04\/Nord-Acro-Bat-travaux-d-acces-difficile-26-thegem-gallery-fullwidth.jpg\" data-fancybox-group=\"gallery-69da4c93e4bc8\" data-full-image-url=\"https:\/\/www.nord-acrobat.com\/wp-content\/uploads\/2021\/04\/Nord-Acro-Bat-travaux-d-acces-difficile-26.jpg\"> <svg width=\"20\" height=\"10\"><path d=\"M 0,10 Q 9,9 10,0 Q 11,9 20,10\" \/><\/svg> <img decoding=\"async\" src=\"https:\/\/www.nord-acrobat.com\/wp-content\/uploads\/2021\/04\/Nord-Acro-Bat-travaux-d-acces-difficile-26-thegem-post-thumb-small.jpg\" alt=\"\" class=\"img-responsive\"> <span class=\"gem-gallery-caption slide-info\"> <\/span> <\/a> <span class=\"gem-gallery-line\"><\/span> <\/div> <\/div> <div class=\"gem-gallery-item\"> <div class=\"gem-gallery-item-image\"> <a href=\"https:\/\/www.nord-acrobat.com\/wp-content\/uploads\/2021\/04\/Nord-Acro-Bat-travaux-en-hauteur-sur-corde-acces-difficile-16-1.jpg\" data-fancybox-group=\"gallery-69da4c93e4bc8\" data-full-image-url=\"https:\/\/www.nord-acrobat.com\/wp-content\/uploads\/2021\/04\/Nord-Acro-Bat-travaux-en-hauteur-sur-corde-acces-difficile-16-1.jpg\"> <svg width=\"20\" height=\"10\"><path d=\"M 0,10 Q 9,9 10,0 Q 11,9 20,10\" \/><\/svg> <img decoding=\"async\" src=\"https:\/\/www.nord-acrobat.com\/wp-content\/uploads\/2021\/04\/Nord-Acro-Bat-travaux-en-hauteur-sur-corde-acces-difficile-16-1-thegem-post-thumb-small.jpg\" alt=\"\" class=\"img-responsive\"> <span class=\"gem-gallery-caption slide-info\"> <\/span> <\/a> <span class=\"gem-gallery-line\"><\/span> <\/div> <\/div> <div class=\"gem-gallery-item\"> <div class=\"gem-gallery-item-image\"> <a href=\"https:\/\/www.nord-acrobat.com\/wp-content\/uploads\/2021\/04\/peinture-pont-acces-difficile-hauteur-NORD-ACRO-BAT-thegem-gallery-fullwidth.jpg\" data-fancybox-group=\"gallery-69da4c93e4bc8\" data-full-image-url=\"https:\/\/www.nord-acrobat.com\/wp-content\/uploads\/2021\/04\/peinture-pont-acces-difficile-hauteur-NORD-ACRO-BAT.jpg\"> <svg width=\"20\" height=\"10\"><path d=\"M 0,10 Q 9,9 10,0 Q 11,9 20,10\" \/><\/svg> <img decoding=\"async\" src=\"https:\/\/www.nord-acrobat.com\/wp-content\/uploads\/2021\/04\/peinture-pont-acces-difficile-hauteur-NORD-ACRO-BAT-thegem-post-thumb-small.jpg\" alt=\"\" class=\"img-responsive\"> <span class=\"gem-gallery-caption slide-info\"> <\/span> <\/a> <span class=\"gem-gallery-line\"><\/span> <\/div> <\/div> <div class=\"gem-gallery-item\"> <div class=\"gem-gallery-item-image\"> <a href=\"https:\/\/www.nord-acrobat.com\/wp-content\/uploads\/2021\/04\/Nord-Acro-Bat-travaux-en-hauteur-sur-corde-acces-difficile-6-thegem-gallery-fullwidth.jpg\" data-fancybox-group=\"gallery-69da4c93e4bc8\" data-full-image-url=\"https:\/\/www.nord-acrobat.com\/wp-content\/uploads\/2021\/04\/Nord-Acro-Bat-travaux-en-hauteur-sur-corde-acces-difficile-6.jpg\"> <svg width=\"20\" height=\"10\"><path d=\"M 0,10 Q 9,9 10,0 Q 11,9 20,10\" \/><\/svg> <img decoding=\"async\" src=\"https:\/\/www.nord-acrobat.com\/wp-content\/uploads\/2021\/04\/Nord-Acro-Bat-travaux-en-hauteur-sur-corde-acces-difficile-6-thegem-post-thumb-small.jpg\" alt=\"\" class=\"img-responsive\"> <span class=\"gem-gallery-caption slide-info\"> <\/span> <\/a> <span class=\"gem-gallery-line\"><\/span> <\/div> <\/div> <div class=\"gem-gallery-item\"> <div class=\"gem-gallery-item-image\"> <a href=\"https:\/\/www.nord-acrobat.com\/wp-content\/uploads\/2021\/04\/Nord-Acro-Bat-travaux-en-hauteur-sur-corde-acces-difficile-5-1-scaled-thegem-gallery-fullwidth.jpg\" data-fancybox-group=\"gallery-69da4c93e4bc8\" data-full-image-url=\"https:\/\/www.nord-acrobat.com\/wp-content\/uploads\/2021\/04\/Nord-Acro-Bat-travaux-en-hauteur-sur-corde-acces-difficile-5-1-scaled.jpg\"> <svg width=\"20\" height=\"10\"><path d=\"M 0,10 Q 9,9 10,0 Q 11,9 20,10\" \/><\/svg> <img decoding=\"async\" src=\"https:\/\/www.nord-acrobat.com\/wp-content\/uploads\/2021\/04\/Nord-Acro-Bat-travaux-en-hauteur-sur-corde-acces-difficile-5-1-scaled-thegem-post-thumb-small.jpg\" alt=\"\" class=\"img-responsive\"> <span class=\"gem-gallery-caption slide-info\"> <\/span> <\/a> <span class=\"gem-gallery-line\"><\/span> <\/div> <\/div> <div class=\"gem-gallery-item\"> <div class=\"gem-gallery-item-image\"> <a href=\"https:\/\/www.nord-acrobat.com\/wp-content\/uploads\/2021\/04\/Nord-Acro-Bat-travaux-en-hauteur-sur-corde-acces-difficile-8-thegem-gallery-fullwidth.jpg\" data-fancybox-group=\"gallery-69da4c93e4bc8\" data-full-image-url=\"https:\/\/www.nord-acrobat.com\/wp-content\/uploads\/2021\/04\/Nord-Acro-Bat-travaux-en-hauteur-sur-corde-acces-difficile-8.jpg\"> <svg width=\"20\" height=\"10\"><path d=\"M 0,10 Q 9,9 10,0 Q 11,9 20,10\" \/><\/svg> <img decoding=\"async\" src=\"https:\/\/www.nord-acrobat.com\/wp-content\/uploads\/2021\/04\/Nord-Acro-Bat-travaux-en-hauteur-sur-corde-acces-difficile-8-thegem-post-thumb-small.jpg\" alt=\"\" class=\"img-responsive\"> <span class=\"gem-gallery-caption slide-info\"> <\/span> <\/a> <span class=\"gem-gallery-line\"><\/span> <\/div> <\/div> <div class=\"gem-gallery-item\"> <div class=\"gem-gallery-item-image\"> <a href=\"https:\/\/www.nord-acrobat.com\/wp-content\/uploads\/2021\/04\/Nord-Acro-Bat-travaux-en-hauteur-sur-corde-acces-difficile-12-1-thegem-gallery-fullwidth.jpg\" data-fancybox-group=\"gallery-69da4c93e4bc8\" data-full-image-url=\"https:\/\/www.nord-acrobat.com\/wp-content\/uploads\/2021\/04\/Nord-Acro-Bat-travaux-en-hauteur-sur-corde-acces-difficile-12-1.jpg\"> <svg width=\"20\" height=\"10\"><path d=\"M 0,10 Q 9,9 10,0 Q 11,9 20,10\" \/><\/svg> <img decoding=\"async\" src=\"https:\/\/www.nord-acrobat.com\/wp-content\/uploads\/2021\/04\/Nord-Acro-Bat-travaux-en-hauteur-sur-corde-acces-difficile-12-1-thegem-post-thumb-small.jpg\" alt=\"\" class=\"img-responsive\"> <span class=\"gem-gallery-caption slide-info\"> <\/span> <\/a> <span class=\"gem-gallery-line\"><\/span> <\/div> <\/div> <div class=\"gem-gallery-item\"> <div class=\"gem-gallery-item-image\"> <a href=\"https:\/\/www.nord-acrobat.com\/wp-content\/uploads\/2021\/04\/Nord-Acro-Bat-4-7-thegem-gallery-fullwidth.jpg\" data-fancybox-group=\"gallery-69da4c93e4bc8\" data-full-image-url=\"https:\/\/www.nord-acrobat.com\/wp-content\/uploads\/2021\/04\/Nord-Acro-Bat-4-7.jpg\"> <svg width=\"20\" height=\"10\"><path d=\"M 0,10 Q 9,9 10,0 Q 11,9 20,10\" \/><\/svg> <img decoding=\"async\" src=\"https:\/\/www.nord-acrobat.com\/wp-content\/uploads\/2021\/04\/Nord-Acro-Bat-4-7-thegem-post-thumb-small.jpg\" alt=\"\" class=\"img-responsive\"> <span class=\"gem-gallery-caption slide-info\"> <\/span> <\/a> <span class=\"gem-gallery-line\"><\/span> <\/div> <\/div> <div class=\"gem-gallery-item\"> <div class=\"gem-gallery-item-image\"> <a href=\"https:\/\/www.nord-acrobat.com\/wp-content\/uploads\/2021\/04\/Nord-Acro-Bat-travaux-d-acces-difficile-59-thegem-gallery-fullwidth.jpg\" data-fancybox-group=\"gallery-69da4c93e4bc8\" data-full-image-url=\"https:\/\/www.nord-acrobat.com\/wp-content\/uploads\/2021\/04\/Nord-Acro-Bat-travaux-d-acces-difficile-59.jpg\"> <svg width=\"20\" height=\"10\"><path d=\"M 0,10 Q 9,9 10,0 Q 11,9 20,10\" \/><\/svg> <img decoding=\"async\" src=\"https:\/\/www.nord-acrobat.com\/wp-content\/uploads\/2021\/04\/Nord-Acro-Bat-travaux-d-acces-difficile-59-thegem-post-thumb-small.jpg\" alt=\"\" class=\"img-responsive\"> <span class=\"gem-gallery-caption slide-info\"> <\/span> <\/a> <span class=\"gem-gallery-line\"><\/span> <\/div> <\/div> <div class=\"gem-gallery-item\"> <div class=\"gem-gallery-item-image\"> <a href=\"https:\/\/www.nord-acrobat.com\/wp-content\/uploads\/2021\/04\/Nord-Acro-Bat-travaux-d-acces-difficile-27-thegem-gallery-fullwidth.jpg\" data-fancybox-group=\"gallery-69da4c93e4bc8\" data-full-image-url=\"https:\/\/www.nord-acrobat.com\/wp-content\/uploads\/2021\/04\/Nord-Acro-Bat-travaux-d-acces-difficile-27.jpg\"> <svg width=\"20\" height=\"10\"><path d=\"M 0,10 Q 9,9 10,0 Q 11,9 20,10\" \/><\/svg> <img decoding=\"async\" src=\"https:\/\/www.nord-acrobat.com\/wp-content\/uploads\/2021\/04\/Nord-Acro-Bat-travaux-d-acces-difficile-27-thegem-post-thumb-small.jpg\" alt=\"\" class=\"img-responsive\"> <span class=\"gem-gallery-caption slide-info\"> <\/span> <\/a> <span class=\"gem-gallery-line\"><\/span> <\/div> <\/div> <div class=\"gem-gallery-item\"> <div class=\"gem-gallery-item-image\"> <a href=\"https:\/\/www.nord-acrobat.com\/wp-content\/uploads\/2021\/04\/Nord-Acro-Bat-travaux-en-hauteur-sur-corde-acces-difficile-70-thegem-gallery-fullwidth.jpg\" data-fancybox-group=\"gallery-69da4c93e4bc8\" data-full-image-url=\"https:\/\/www.nord-acrobat.com\/wp-content\/uploads\/2021\/04\/Nord-Acro-Bat-travaux-en-hauteur-sur-corde-acces-difficile-70.jpg\"> <svg width=\"20\" height=\"10\"><path d=\"M 0,10 Q 9,9 10,0 Q 11,9 20,10\" \/><\/svg> <img decoding=\"async\" src=\"https:\/\/www.nord-acrobat.com\/wp-content\/uploads\/2021\/04\/Nord-Acro-Bat-travaux-en-hauteur-sur-corde-acces-difficile-70-thegem-post-thumb-small.jpg\" alt=\"\" class=\"img-responsive\"> <span class=\"gem-gallery-caption slide-info\"> <\/span> <\/a> <span class=\"gem-gallery-line\"><\/span> <\/div> <\/div> <div class=\"gem-gallery-item\"> <div class=\"gem-gallery-item-image\"> <a href=\"https:\/\/www.nord-acrobat.com\/wp-content\/uploads\/2021\/04\/Nord-Acro-Bat-travaux-en-hauteur-sur-corde-acces-difficile-39-thegem-gallery-fullwidth.jpg\" data-fancybox-group=\"gallery-69da4c93e4bc8\" data-full-image-url=\"https:\/\/www.nord-acrobat.com\/wp-content\/uploads\/2021\/04\/Nord-Acro-Bat-travaux-en-hauteur-sur-corde-acces-difficile-39.jpg\"> <svg width=\"20\" height=\"10\"><path d=\"M 0,10 Q 9,9 10,0 Q 11,9 20,10\" \/><\/svg> <img decoding=\"async\" src=\"https:\/\/www.nord-acrobat.com\/wp-content\/uploads\/2021\/04\/Nord-Acro-Bat-travaux-en-hauteur-sur-corde-acces-difficile-39-thegem-post-thumb-small.jpg\" alt=\"\" class=\"img-responsive\"> <span class=\"gem-gallery-caption slide-info\"> <\/span> <\/a> <span class=\"gem-gallery-line\"><\/span> <\/div> <\/div> <div class=\"gem-gallery-item\"> <div class=\"gem-gallery-item-image\"> <a href=\"https:\/\/www.nord-acrobat.com\/wp-content\/uploads\/2021\/04\/Nord-Acro-Bat-travaux-en-hauteur-sur-corde-acces-difficile-38-thegem-gallery-fullwidth.jpg\" data-fancybox-group=\"gallery-69da4c93e4bc8\" data-full-image-url=\"https:\/\/www.nord-acrobat.com\/wp-content\/uploads\/2021\/04\/Nord-Acro-Bat-travaux-en-hauteur-sur-corde-acces-difficile-38.jpg\"> <svg width=\"20\" height=\"10\"><path d=\"M 0,10 Q 9,9 10,0 Q 11,9 20,10\" \/><\/svg> <img decoding=\"async\" src=\"https:\/\/www.nord-acrobat.com\/wp-content\/uploads\/2021\/04\/Nord-Acro-Bat-travaux-en-hauteur-sur-corde-acces-difficile-38-thegem-post-thumb-small.jpg\" alt=\"\" class=\"img-responsive\"> <span class=\"gem-gallery-caption slide-info\"> <\/span> <\/a> <span class=\"gem-gallery-line\"><\/span> <\/div> <\/div> <div class=\"gem-gallery-item\"> <div class=\"gem-gallery-item-image\"> <a href=\"https:\/\/www.nord-acrobat.com\/wp-content\/uploads\/2021\/04\/Nord-Acro-Bat-travaux-en-hauteur-sur-corde-acces-difficile-41-scaled-thegem-gallery-fullwidth.jpg\" data-fancybox-group=\"gallery-69da4c93e4bc8\" data-full-image-url=\"https:\/\/www.nord-acrobat.com\/wp-content\/uploads\/2021\/04\/Nord-Acro-Bat-travaux-en-hauteur-sur-corde-acces-difficile-41-scaled.jpg\"> <svg width=\"20\" height=\"10\"><path d=\"M 0,10 Q 9,9 10,0 Q 11,9 20,10\" \/><\/svg> <img decoding=\"async\" src=\"https:\/\/www.nord-acrobat.com\/wp-content\/uploads\/2021\/04\/Nord-Acro-Bat-travaux-en-hauteur-sur-corde-acces-difficile-41-scaled-thegem-post-thumb-small.jpg\" alt=\"\" class=\"img-responsive\"> <span class=\"gem-gallery-caption slide-info\"> <\/span> <\/a> <span class=\"gem-gallery-line\"><\/span> <\/div> <\/div> <div class=\"gem-gallery-item\"> <div class=\"gem-gallery-item-image\"> <a href=\"https:\/\/www.nord-acrobat.com\/wp-content\/uploads\/2021\/04\/Nord-Acro-Bat-travaux-en-hauteur-sur-corde-acces-difficile-40-scaled-thegem-gallery-fullwidth.jpg\" data-fancybox-group=\"gallery-69da4c93e4bc8\" data-full-image-url=\"https:\/\/www.nord-acrobat.com\/wp-content\/uploads\/2021\/04\/Nord-Acro-Bat-travaux-en-hauteur-sur-corde-acces-difficile-40-scaled.jpg\"> <svg width=\"20\" height=\"10\"><path d=\"M 0,10 Q 9,9 10,0 Q 11,9 20,10\" \/><\/svg> <img decoding=\"async\" src=\"https:\/\/www.nord-acrobat.com\/wp-content\/uploads\/2021\/04\/Nord-Acro-Bat-travaux-en-hauteur-sur-corde-acces-difficile-40-scaled-thegem-post-thumb-small.jpg\" alt=\"\" class=\"img-responsive\"> <span class=\"gem-gallery-caption slide-info\"> <\/span> <\/a> <span class=\"gem-gallery-line\"><\/span> <\/div> <\/div> <\/div>[\/vc_column][vc_column css_animation=&#8221;fadeIn&#8221; parallax=&#8221;content-moving&#8221; offset=&#8221;vc_col-md-6&#8243; effects_enabled_delay=&#8221;500&#8243;]<div class=\"centered-box gem-image-centered-box\"><div class=\"gem-image gem-wrapbox gem-wrapbox-style-default gem-wrapbox-position-centered lazy-loading\"  style=\"width: 0px;height: 0px;\"><div class=\"gem-wrapbox-inner  lazy-loading-item\"  data-ll-effect=\"move-up\"><a href=\"https:\/\/www.nord-acrobat.com\/wp-content\/uploads\/2021\/04\/most-fordonski-904079_1280-e1618041646850.jpg\" class=\"fancybox\"><img decoding=\"async\" class=\"gem-wrapbox-element img-responsive\" src=\"https:\/\/www.nord-acrobat.com\/wp-content\/uploads\/2021\/04\/most-fordonski-904079_1280-e1618041646850.jpg\" alt=\"\"\/><\/a><\/div><\/div><\/div>[vc_empty_space height=&#8221;28px&#8221;]<div class=\"gem-list lazy-loading gem-list-type-check-style-1\" data-ll-item-delay=\"500\"><ul>\n<li><strong>D\u00c9POSE \/ MONTAGE \/ LEVAGE<\/strong><\/li>\n<li><strong>TUYAUTERIE &amp; GAINES<\/strong><\/li>\n<li><strong>\u00c9LEMENTS DE CHARPENTE &amp; SERRURERIE<\/strong><\/li>\n<li><strong>INSTALLATION \/ D\u00c9POSE DE PASSERELLE, <\/strong><\/li>\n<li><em><strong>(GARDE-CORPS, CRINOLINE ET PLATEFORME)<\/strong><\/em><\/li>\n<li><strong>REMPLACEMENT D&#8217;\u00c9L\u00c9MENTS DE CONTR\u00d4LE<\/strong><\/li>\n<li><strong>TRAVAUX DE SOUDURES<\/strong><\/li>\n<li><strong>INTERVENTIONS SUR CANALISATIONS<\/strong><\/li>\n<li><strong>\u00c9TANCHE\u00cfT\u00c9, ETC&#8230;<\/strong><\/li>\n<\/ul>\n<\/div>[\/vc_column][\/vc_row][vc_row][vc_column css_animation=&#8221;fadeIn&#8221; effects_enabled_delay=&#8221;500&#8243; css=&#8221;.vc_custom_1617723699590{padding-bottom: 30px !important;}&#8221;][vc_separator el_width=&#8221;80&#8243;][vc_column_text css_animation=&#8221;bounceInRight&#8221; effects_enabled_delay=&#8221;700&#8243;]<\/p>\n<div class=\"styled-subtitle\" style=\"text-align: center;\">\n<p><span style=\"color: #808000;\">Nos interventions permettent la continuit\u00e9 de votre activit\u00e9 durant la dur\u00e9e des travaux en hauteur et \u00e9vitent ainsi les pertes d\u2019exploitation.<\/span><\/p>\n<\/div>\n<p>[\/vc_column_text][\/vc_column][\/vc_row]<\/p>\n","protected":false},"excerpt":{"rendered":"<p>[vc_row ken_burns_transition_speed=&#8221;15000&#8243; css_animation=&#8221;fadeIn&#8221; ken_burns_enabled=&#8221;true&#8221; css=&#8221;.vc_custom_1617723623137{margin-bottom: 0px !important;padding-bottom: 50px !important;}&#8221;][vc_column offset=&#8221;vc_col-md-6&#8243; css=&#8221;.vc_custom_1617721899563{margin-bottom: -45px !important;}&#8221;][vc_column_text css_animation=&#8221;fadeIn&#8221; effects_enabled_delay=&#8221;700&#8243; css=&#8221;.vc_custom_1618306171022{padding-left: 30px !important;}&#8221;] ACC\u00c8S DIFFICILES&#8230;<\/p>\n","protected":false},"author":1,"featured_media":0,"parent":0,"menu_order":0,"comment_status":"closed","ping_status":"closed","template":"","meta":{"footnotes":""},"class_list":["post-3650","page","type-page","status-publish"],"_links":{"self":[{"href":"https:\/\/www.nord-acrobat.com\/index.php\/wp-json\/wp\/v2\/pages\/3650","targetHints":{"allow":["GET"]}}],"collection":[{"href":"https:\/\/www.nord-acrobat.com\/index.php\/wp-json\/wp\/v2\/pages"}],"about":[{"href":"https:\/\/www.nord-acrobat.com\/index.php\/wp-json\/wp\/v2\/types\/page"}],"author":[{"embeddable":true,"href":"https:\/\/www.nord-acrobat.com\/index.php\/wp-json\/wp\/v2\/users\/1"}],"replies":[{"embeddable":true,"href":"https:\/\/www.nord-acrobat.com\/index.php\/wp-json\/wp\/v2\/comments?post=3650"}],"version-history":[{"count":19,"href":"https:\/\/www.nord-acrobat.com\/index.php\/wp-json\/wp\/v2\/pages\/3650\/revisions"}],"predecessor-version":[{"id":4561,"href":"https:\/\/www.nord-acrobat.com\/index.php\/wp-json\/wp\/v2\/pages\/3650\/revisions\/4561"}],"wp:attachment":[{"href":"https:\/\/www.nord-acrobat.com\/index.php\/wp-json\/wp\/v2\/media?parent=3650"}],"curies":[{"name":"wp","href":"https:\/\/api.w.org\/{rel}","templated":true}]}}