{"id":3636,"date":"2021-04-07T10:31:05","date_gmt":"2021-04-07T08:31:05","guid":{"rendered":"http:\/\/iqlclno.cluster030.hosting.ovh.net\/?page_id=3636"},"modified":"2021-04-18T13:00:38","modified_gmt":"2021-04-18T11:00:38","slug":"mise-en-securite-2","status":"publish","type":"page","link":"https:\/\/www.nord-acrobat.com\/index.php\/mise-en-securite-2\/","title":{"rendered":"Mise en s\u00e9curit\u00e9"},"content":{"rendered":"<p>[vc_row ken_burns_transition_speed=&#8221;15000&#8243; css_animation=&#8221;fadeIn&#8221; ken_burns_enabled=&#8221;true&#8221; css=&#8221;.vc_custom_1617723623137{margin-bottom: 0px !important;padding-bottom: 50px !important;}&#8221;][vc_column offset=&#8221;vc_col-md-6&#8243; css=&#8221;.vc_custom_1617721899563{margin-bottom: -45px !important;}&#8221;][vc_column_text css_animation=&#8221;fadeIn&#8221; effects_enabled_delay=&#8221;700&#8243; css=&#8221;.vc_custom_1618304490616{padding-left: 30px !important;}&#8221;]<\/p>\n<div class=\"title-h6\"><span style=\"color: #bf9c61;\">ACC\u00c8S DIFFICILES \/ NORD ACRO BAT<\/span><\/div>\n<p>[\/vc_column_text]<div class=\"clearboth\"><\/div><div class=\"gem-divider \" style=\"margin-top: 26px;\"><\/div>[vc_column_text css=&#8221;.vc_custom_1618550340082{margin-top: -10px !important;padding-right: 30px !important;padding-left: 30px !important;}&#8221;]<\/p>\n<div class=\"title-h4\">POSE DE LIGNES DE VIE, GARDE-CORPS, FILETS, PASSERELLES, \u00c9CHELLES \u00c0 CRINOLINE &amp; POINT D&#8217;ANCRAGE.<\/div>\n<p>[\/vc_column_text]<div class=\"clearboth\"><\/div><div class=\"gem-divider \" style=\"margin-top: 26px;\"><\/div>[vc_column_text css=&#8221;.vc_custom_1618743634555{padding-right: 30px !important;padding-left: 30px !important;}&#8221;]<\/p>\n<div class=\"styled-subtitle\"><span style=\"font-weight: 300;\">NORD ACRO BAT effectue tout type de pose en int\u00e9grant <strong>les contraintes de vos structures<\/strong>. <\/span><\/div>\n<div class=\"styled-subtitle\">\n<p><span style=\"font-weight: 300;\"><br \/>\nCl\u00e9 de voute de notre m\u00e9tier de cordistes, la s\u00e9curit\u00e9 fait, tout naturellement, partie de nos domaines de comp\u00e9tences. Afin de rendre <strong>des sites accessibles ou d&#8217;entretenir des endroits d\u00e9j\u00e0 s\u00e9curis\u00e9s<\/strong>, nous vous proposons <strong>une expertise avis\u00e9e<\/strong> pour \u00e9voluer en toute s\u00e9curit\u00e9. De la pose de <strong>syst\u00e8me de protection individuel &amp; collectif<\/strong> (ligne de vie, garde-corps, filets anti-chute, point d&#8217;ancrage) aux syst\u00e8mes de protection anti-foudre en passant par le contr\u00f4le de vos sites d\u00e9j\u00e0 s\u00e9curis\u00e9.<\/span><\/p>\n<div class=\"styled-subtitle\">\n<p><span style=\"font-weight: 300;\">Nous \u00e9tudions et installons tous les moyens adapt\u00e9s \u00e0 la s\u00e9curisation des acc\u00e8s, par l&#8217;installation de protections individuelles et collectives.<\/span><\/p>\n<\/div>\n<\/div>\n<p>[\/vc_column_text]<div class=\"clearboth\"><\/div><div class=\"gem-divider \" style=\"margin-top: 50px;\"><\/div><div class=\"preloader\"><div class=\"preloader-spin\"><\/div><\/div> <div class=\"gem-gallery gem-gallery-hover-zooming-blur\" data-autoscroll=\"2500\"> <div class=\"gem-gallery-item\"> <div class=\"gem-gallery-item-image\"> <a href=\"https:\/\/www.nord-acrobat.com\/wp-content\/uploads\/2021\/04\/3-thegem-gallery-fullwidth.jpg\" data-fancybox-group=\"gallery-69da3a46afd2a\" data-full-image-url=\"https:\/\/www.nord-acrobat.com\/wp-content\/uploads\/2021\/04\/3.jpg\"> <svg width=\"20\" height=\"10\"><path d=\"M 0,10 Q 9,9 10,0 Q 11,9 20,10\" \/><\/svg> <img decoding=\"async\" src=\"https:\/\/www.nord-acrobat.com\/wp-content\/uploads\/2021\/04\/3-thegem-post-thumb-small.jpg\" alt=\"\" class=\"img-responsive\"> <span class=\"gem-gallery-caption slide-info\"> <\/span> <\/a> <span class=\"gem-gallery-line\"><\/span> <\/div> <\/div> <div class=\"gem-gallery-item\"> <div class=\"gem-gallery-item-image\"> <a href=\"https:\/\/www.nord-acrobat.com\/wp-content\/uploads\/2021\/03\/Nord-Acro-Bat-travaux-d-acces-difficile-43-thegem-gallery-fullwidth.jpg\" data-fancybox-group=\"gallery-69da3a46afd2a\" data-full-image-url=\"https:\/\/www.nord-acrobat.com\/wp-content\/uploads\/2021\/03\/Nord-Acro-Bat-travaux-d-acces-difficile-43.jpg\"> <svg width=\"20\" height=\"10\"><path d=\"M 0,10 Q 9,9 10,0 Q 11,9 20,10\" \/><\/svg> <img decoding=\"async\" src=\"https:\/\/www.nord-acrobat.com\/wp-content\/uploads\/2021\/03\/Nord-Acro-Bat-travaux-d-acces-difficile-43-thegem-post-thumb-small.jpg\" alt=\"\" class=\"img-responsive\"> <span class=\"gem-gallery-caption slide-info\"> <\/span> <\/a> <span class=\"gem-gallery-line\"><\/span> <\/div> <\/div> <div class=\"gem-gallery-item\"> <div class=\"gem-gallery-item-image\"> <a href=\"https:\/\/www.nord-acrobat.com\/wp-content\/uploads\/2021\/04\/Nord-Acro-Bat-travaux-en-hauteur-sur-corde-acces-difficile-13-thegem-gallery-fullwidth.jpg\" data-fancybox-group=\"gallery-69da3a46afd2a\" data-full-image-url=\"https:\/\/www.nord-acrobat.com\/wp-content\/uploads\/2021\/04\/Nord-Acro-Bat-travaux-en-hauteur-sur-corde-acces-difficile-13.jpg\"> <svg width=\"20\" height=\"10\"><path d=\"M 0,10 Q 9,9 10,0 Q 11,9 20,10\" \/><\/svg> <img decoding=\"async\" src=\"https:\/\/www.nord-acrobat.com\/wp-content\/uploads\/2021\/04\/Nord-Acro-Bat-travaux-en-hauteur-sur-corde-acces-difficile-13-thegem-post-thumb-small.jpg\" alt=\"\" class=\"img-responsive\"> <span class=\"gem-gallery-caption slide-info\"> <\/span> <\/a> <span class=\"gem-gallery-line\"><\/span> <\/div> <\/div> <div class=\"gem-gallery-item\"> <div class=\"gem-gallery-item-image\"> <a href=\"https:\/\/www.nord-acrobat.com\/wp-content\/uploads\/2021\/04\/Nord-Acro-Bat-travaux-en-hauteur-sur-corde-acces-difficile-17-thegem-gallery-fullwidth.jpg\" data-fancybox-group=\"gallery-69da3a46afd2a\" data-full-image-url=\"https:\/\/www.nord-acrobat.com\/wp-content\/uploads\/2021\/04\/Nord-Acro-Bat-travaux-en-hauteur-sur-corde-acces-difficile-17.jpg\"> <svg width=\"20\" height=\"10\"><path d=\"M 0,10 Q 9,9 10,0 Q 11,9 20,10\" \/><\/svg> <img decoding=\"async\" src=\"https:\/\/www.nord-acrobat.com\/wp-content\/uploads\/2021\/04\/Nord-Acro-Bat-travaux-en-hauteur-sur-corde-acces-difficile-17-thegem-post-thumb-small.jpg\" alt=\"\" class=\"img-responsive\"> <span class=\"gem-gallery-caption slide-info\"> <\/span> <\/a> <span class=\"gem-gallery-line\"><\/span> <\/div> <\/div> <div class=\"gem-gallery-item\"> <div class=\"gem-gallery-item-image\"> <a href=\"https:\/\/www.nord-acrobat.com\/wp-content\/uploads\/2021\/04\/Nord-Acro-Bat-travaux-en-hauteur-sur-corde-acces-difficile-16-thegem-gallery-fullwidth.jpg\" data-fancybox-group=\"gallery-69da3a46afd2a\" data-full-image-url=\"https:\/\/www.nord-acrobat.com\/wp-content\/uploads\/2021\/04\/Nord-Acro-Bat-travaux-en-hauteur-sur-corde-acces-difficile-16.jpg\"> <svg width=\"20\" height=\"10\"><path d=\"M 0,10 Q 9,9 10,0 Q 11,9 20,10\" \/><\/svg> <img decoding=\"async\" src=\"https:\/\/www.nord-acrobat.com\/wp-content\/uploads\/2021\/04\/Nord-Acro-Bat-travaux-en-hauteur-sur-corde-acces-difficile-16-thegem-post-thumb-small.jpg\" alt=\"\" class=\"img-responsive\"> <span class=\"gem-gallery-caption slide-info\"> <\/span> <\/a> <span class=\"gem-gallery-line\"><\/span> <\/div> <\/div> <div class=\"gem-gallery-item\"> <div class=\"gem-gallery-item-image\"> <a href=\"https:\/\/www.nord-acrobat.com\/wp-content\/uploads\/2021\/04\/Nord-Acro-Bat-travaux-en-hauteur-sur-corde-acces-difficile-12-thegem-gallery-fullwidth.jpg\" data-fancybox-group=\"gallery-69da3a46afd2a\" data-full-image-url=\"https:\/\/www.nord-acrobat.com\/wp-content\/uploads\/2021\/04\/Nord-Acro-Bat-travaux-en-hauteur-sur-corde-acces-difficile-12.jpg\"> <svg width=\"20\" height=\"10\"><path d=\"M 0,10 Q 9,9 10,0 Q 11,9 20,10\" \/><\/svg> <img decoding=\"async\" src=\"https:\/\/www.nord-acrobat.com\/wp-content\/uploads\/2021\/04\/Nord-Acro-Bat-travaux-en-hauteur-sur-corde-acces-difficile-12-thegem-post-thumb-small.jpg\" alt=\"\" class=\"img-responsive\"> <span class=\"gem-gallery-caption slide-info\"> <\/span> <\/a> <span class=\"gem-gallery-line\"><\/span> <\/div> <\/div> <div class=\"gem-gallery-item\"> <div class=\"gem-gallery-item-image\"> <a href=\"https:\/\/www.nord-acrobat.com\/wp-content\/uploads\/2021\/04\/Nord-Acro-Bat-travaux-en-hauteur-sur-corde-acces-difficile-18-thegem-gallery-fullwidth.jpg\" data-fancybox-group=\"gallery-69da3a46afd2a\" data-full-image-url=\"https:\/\/www.nord-acrobat.com\/wp-content\/uploads\/2021\/04\/Nord-Acro-Bat-travaux-en-hauteur-sur-corde-acces-difficile-18.jpg\"> <svg width=\"20\" height=\"10\"><path d=\"M 0,10 Q 9,9 10,0 Q 11,9 20,10\" \/><\/svg> <img decoding=\"async\" src=\"https:\/\/www.nord-acrobat.com\/wp-content\/uploads\/2021\/04\/Nord-Acro-Bat-travaux-en-hauteur-sur-corde-acces-difficile-18-thegem-post-thumb-small.jpg\" alt=\"\" class=\"img-responsive\"> <span class=\"gem-gallery-caption slide-info\"> <\/span> <\/a> <span class=\"gem-gallery-line\"><\/span> <\/div> <\/div> <div class=\"gem-gallery-item\"> <div class=\"gem-gallery-item-image\"> <a href=\"https:\/\/www.nord-acrobat.com\/wp-content\/uploads\/2021\/04\/Nord-Acro-Bat-travaux-en-hauteur-sur-corde-acces-difficile-19-thegem-gallery-fullwidth.jpg\" data-fancybox-group=\"gallery-69da3a46afd2a\" data-full-image-url=\"https:\/\/www.nord-acrobat.com\/wp-content\/uploads\/2021\/04\/Nord-Acro-Bat-travaux-en-hauteur-sur-corde-acces-difficile-19.jpg\"> <svg width=\"20\" height=\"10\"><path d=\"M 0,10 Q 9,9 10,0 Q 11,9 20,10\" \/><\/svg> <img decoding=\"async\" src=\"https:\/\/www.nord-acrobat.com\/wp-content\/uploads\/2021\/04\/Nord-Acro-Bat-travaux-en-hauteur-sur-corde-acces-difficile-19-thegem-post-thumb-small.jpg\" alt=\"\" class=\"img-responsive\"> <span class=\"gem-gallery-caption slide-info\"> <\/span> <\/a> <span class=\"gem-gallery-line\"><\/span> <\/div> <\/div> <div class=\"gem-gallery-item\"> <div class=\"gem-gallery-item-image\"> <a href=\"https:\/\/www.nord-acrobat.com\/wp-content\/uploads\/2021\/04\/Nord-Acro-Bat-travaux-en-hauteur-sur-corde-acces-difficile-48-scaled-thegem-gallery-fullwidth.jpg\" data-fancybox-group=\"gallery-69da3a46afd2a\" data-full-image-url=\"https:\/\/www.nord-acrobat.com\/wp-content\/uploads\/2021\/04\/Nord-Acro-Bat-travaux-en-hauteur-sur-corde-acces-difficile-48-scaled.jpg\"> <svg width=\"20\" height=\"10\"><path d=\"M 0,10 Q 9,9 10,0 Q 11,9 20,10\" \/><\/svg> <img decoding=\"async\" src=\"https:\/\/www.nord-acrobat.com\/wp-content\/uploads\/2021\/04\/Nord-Acro-Bat-travaux-en-hauteur-sur-corde-acces-difficile-48-scaled-thegem-post-thumb-small.jpg\" alt=\"\" class=\"img-responsive\"> <span class=\"gem-gallery-caption slide-info\"> <\/span> <\/a> <span class=\"gem-gallery-line\"><\/span> <\/div> <\/div> <div class=\"gem-gallery-item\"> <div class=\"gem-gallery-item-image\"> <a href=\"https:\/\/www.nord-acrobat.com\/wp-content\/uploads\/2021\/04\/45-thegem-gallery-fullwidth.jpg\" data-fancybox-group=\"gallery-69da3a46afd2a\" data-full-image-url=\"https:\/\/www.nord-acrobat.com\/wp-content\/uploads\/2021\/04\/45.jpg\"> <svg width=\"20\" height=\"10\"><path d=\"M 0,10 Q 9,9 10,0 Q 11,9 20,10\" \/><\/svg> <img decoding=\"async\" src=\"https:\/\/www.nord-acrobat.com\/wp-content\/uploads\/2021\/04\/45-thegem-post-thumb-small.jpg\" alt=\"\" class=\"img-responsive\"> <span class=\"gem-gallery-caption slide-info\"> <\/span> <\/a> <span class=\"gem-gallery-line\"><\/span> <\/div> <\/div> <div class=\"gem-gallery-item\"> <div class=\"gem-gallery-item-image\"> <a href=\"https:\/\/www.nord-acrobat.com\/wp-content\/uploads\/2021\/04\/Nord-Acro-Bat-travaux-en-hauteur-sur-corde-acces-difficile-47-thegem-gallery-fullwidth.jpg\" data-fancybox-group=\"gallery-69da3a46afd2a\" data-full-image-url=\"https:\/\/www.nord-acrobat.com\/wp-content\/uploads\/2021\/04\/Nord-Acro-Bat-travaux-en-hauteur-sur-corde-acces-difficile-47.jpg\"> <svg width=\"20\" height=\"10\"><path d=\"M 0,10 Q 9,9 10,0 Q 11,9 20,10\" \/><\/svg> <img decoding=\"async\" src=\"https:\/\/www.nord-acrobat.com\/wp-content\/uploads\/2021\/04\/Nord-Acro-Bat-travaux-en-hauteur-sur-corde-acces-difficile-47-thegem-post-thumb-small.jpg\" alt=\"\" class=\"img-responsive\"> <span class=\"gem-gallery-caption slide-info\"> <\/span> <\/a> <span class=\"gem-gallery-line\"><\/span> <\/div> <\/div> <div class=\"gem-gallery-item\"> <div class=\"gem-gallery-item-image\"> <a href=\"https:\/\/www.nord-acrobat.com\/wp-content\/uploads\/2021\/04\/Nord-Acro-Bat-travaux-en-hauteur-sur-corde-acces-difficile-63-thegem-gallery-fullwidth.jpg\" data-fancybox-group=\"gallery-69da3a46afd2a\" data-full-image-url=\"https:\/\/www.nord-acrobat.com\/wp-content\/uploads\/2021\/04\/Nord-Acro-Bat-travaux-en-hauteur-sur-corde-acces-difficile-63.jpg\"> <svg width=\"20\" height=\"10\"><path d=\"M 0,10 Q 9,9 10,0 Q 11,9 20,10\" \/><\/svg> <img decoding=\"async\" src=\"https:\/\/www.nord-acrobat.com\/wp-content\/uploads\/2021\/04\/Nord-Acro-Bat-travaux-en-hauteur-sur-corde-acces-difficile-63-thegem-post-thumb-small.jpg\" alt=\"\" class=\"img-responsive\"> <span class=\"gem-gallery-caption slide-info\"> <\/span> <\/a> <span class=\"gem-gallery-line\"><\/span> <\/div> <\/div> <div class=\"gem-gallery-item\"> <div class=\"gem-gallery-item-image\"> <a href=\"https:\/\/www.nord-acrobat.com\/wp-content\/uploads\/2021\/04\/Nord-Acro-Bat-travaux-d-acces-difficile-29-thegem-gallery-fullwidth.jpg\" data-fancybox-group=\"gallery-69da3a46afd2a\" data-full-image-url=\"https:\/\/www.nord-acrobat.com\/wp-content\/uploads\/2021\/04\/Nord-Acro-Bat-travaux-d-acces-difficile-29.jpg\"> <svg width=\"20\" height=\"10\"><path d=\"M 0,10 Q 9,9 10,0 Q 11,9 20,10\" \/><\/svg> <img decoding=\"async\" src=\"https:\/\/www.nord-acrobat.com\/wp-content\/uploads\/2021\/04\/Nord-Acro-Bat-travaux-d-acces-difficile-29-thegem-post-thumb-small.jpg\" alt=\"\" class=\"img-responsive\"> <span class=\"gem-gallery-caption slide-info\"> <\/span> <\/a> <span class=\"gem-gallery-line\"><\/span> <\/div> <\/div> <div class=\"gem-gallery-item\"> <div class=\"gem-gallery-item-image\"> <a href=\"https:\/\/www.nord-acrobat.com\/wp-content\/uploads\/2021\/04\/Nord-Acro-Bat-travaux-d-acces-difficile-39-thegem-gallery-fullwidth.jpg\" data-fancybox-group=\"gallery-69da3a46afd2a\" data-full-image-url=\"https:\/\/www.nord-acrobat.com\/wp-content\/uploads\/2021\/04\/Nord-Acro-Bat-travaux-d-acces-difficile-39.jpg\"> <svg width=\"20\" height=\"10\"><path d=\"M 0,10 Q 9,9 10,0 Q 11,9 20,10\" \/><\/svg> <img decoding=\"async\" src=\"https:\/\/www.nord-acrobat.com\/wp-content\/uploads\/2021\/04\/Nord-Acro-Bat-travaux-d-acces-difficile-39-thegem-post-thumb-small.jpg\" alt=\"\" class=\"img-responsive\"> <span class=\"gem-gallery-caption slide-info\"> <\/span> <\/a> <span class=\"gem-gallery-line\"><\/span> <\/div> <\/div> <div class=\"gem-gallery-item\"> <div class=\"gem-gallery-item-image\"> <a href=\"https:\/\/www.nord-acrobat.com\/wp-content\/uploads\/2021\/04\/Nord-Acro-Bat-travaux-d-acces-difficile-28-thegem-gallery-fullwidth.jpg\" data-fancybox-group=\"gallery-69da3a46afd2a\" data-full-image-url=\"https:\/\/www.nord-acrobat.com\/wp-content\/uploads\/2021\/04\/Nord-Acro-Bat-travaux-d-acces-difficile-28.jpg\"> <svg width=\"20\" height=\"10\"><path d=\"M 0,10 Q 9,9 10,0 Q 11,9 20,10\" \/><\/svg> <img decoding=\"async\" src=\"https:\/\/www.nord-acrobat.com\/wp-content\/uploads\/2021\/04\/Nord-Acro-Bat-travaux-d-acces-difficile-28-thegem-post-thumb-small.jpg\" alt=\"\" class=\"img-responsive\"> <span class=\"gem-gallery-caption slide-info\"> <\/span> <\/a> <span class=\"gem-gallery-line\"><\/span> <\/div> <\/div> <div class=\"gem-gallery-item\"> <div class=\"gem-gallery-item-image\"> <a href=\"https:\/\/www.nord-acrobat.com\/wp-content\/uploads\/2021\/04\/Nord-Acro-Bat-travaux-d-acces-difficile-53-thegem-gallery-fullwidth.jpg\" data-fancybox-group=\"gallery-69da3a46afd2a\" data-full-image-url=\"https:\/\/www.nord-acrobat.com\/wp-content\/uploads\/2021\/04\/Nord-Acro-Bat-travaux-d-acces-difficile-53.jpg\"> <svg width=\"20\" height=\"10\"><path d=\"M 0,10 Q 9,9 10,0 Q 11,9 20,10\" \/><\/svg> <img decoding=\"async\" src=\"https:\/\/www.nord-acrobat.com\/wp-content\/uploads\/2021\/04\/Nord-Acro-Bat-travaux-d-acces-difficile-53-thegem-post-thumb-small.jpg\" alt=\"\" class=\"img-responsive\"> <span class=\"gem-gallery-caption slide-info\"> <\/span> <\/a> <span class=\"gem-gallery-line\"><\/span> <\/div> <\/div> <div class=\"gem-gallery-item\"> <div class=\"gem-gallery-item-image\"> <a href=\"https:\/\/www.nord-acrobat.com\/wp-content\/uploads\/2021\/04\/Nord-Acro-Bat-2-copie-thegem-gallery-fullwidth.jpg\" data-fancybox-group=\"gallery-69da3a46afd2a\" data-full-image-url=\"https:\/\/www.nord-acrobat.com\/wp-content\/uploads\/2021\/04\/Nord-Acro-Bat-2-copie.jpg\"> <svg width=\"20\" height=\"10\"><path d=\"M 0,10 Q 9,9 10,0 Q 11,9 20,10\" \/><\/svg> <img decoding=\"async\" src=\"https:\/\/www.nord-acrobat.com\/wp-content\/uploads\/2021\/04\/Nord-Acro-Bat-2-copie-thegem-post-thumb-small.jpg\" alt=\"\" class=\"img-responsive\"> <span class=\"gem-gallery-caption slide-info\"> <\/span> <\/a> <span class=\"gem-gallery-line\"><\/span> <\/div> <\/div> <div class=\"gem-gallery-item\"> <div class=\"gem-gallery-item-image\"> <a href=\"https:\/\/www.nord-acrobat.com\/wp-content\/uploads\/2021\/04\/Nord-Acro-Bat-2-6-thegem-gallery-fullwidth.jpg\" data-fancybox-group=\"gallery-69da3a46afd2a\" data-full-image-url=\"https:\/\/www.nord-acrobat.com\/wp-content\/uploads\/2021\/04\/Nord-Acro-Bat-2-6.jpg\"> <svg width=\"20\" height=\"10\"><path d=\"M 0,10 Q 9,9 10,0 Q 11,9 20,10\" \/><\/svg> <img decoding=\"async\" src=\"https:\/\/www.nord-acrobat.com\/wp-content\/uploads\/2021\/04\/Nord-Acro-Bat-2-6-thegem-post-thumb-small.jpg\" alt=\"\" class=\"img-responsive\"> <span class=\"gem-gallery-caption slide-info\"> <\/span> <\/a> <span class=\"gem-gallery-line\"><\/span> <\/div> <\/div> <div class=\"gem-gallery-item\"> <div class=\"gem-gallery-item-image\"> <a href=\"https:\/\/www.nord-acrobat.com\/wp-content\/uploads\/2021\/04\/Nord-Acro-Bat-3-6-thegem-gallery-fullwidth.jpg\" data-fancybox-group=\"gallery-69da3a46afd2a\" data-full-image-url=\"https:\/\/www.nord-acrobat.com\/wp-content\/uploads\/2021\/04\/Nord-Acro-Bat-3-6.jpg\"> <svg width=\"20\" height=\"10\"><path d=\"M 0,10 Q 9,9 10,0 Q 11,9 20,10\" \/><\/svg> <img decoding=\"async\" src=\"https:\/\/www.nord-acrobat.com\/wp-content\/uploads\/2021\/04\/Nord-Acro-Bat-3-6-thegem-post-thumb-small.jpg\" alt=\"\" class=\"img-responsive\"> <span class=\"gem-gallery-caption slide-info\"> <\/span> <\/a> <span class=\"gem-gallery-line\"><\/span> <\/div> <\/div> <div class=\"gem-gallery-item\"> <div class=\"gem-gallery-item-image\"> <a href=\"https:\/\/www.nord-acrobat.com\/wp-content\/uploads\/2021\/04\/Nord-Acro-Bat-travaux-en-hauteur-sur-corde-acces-difficile-16-1.jpg\" data-fancybox-group=\"gallery-69da3a46afd2a\" data-full-image-url=\"https:\/\/www.nord-acrobat.com\/wp-content\/uploads\/2021\/04\/Nord-Acro-Bat-travaux-en-hauteur-sur-corde-acces-difficile-16-1.jpg\"> <svg width=\"20\" height=\"10\"><path d=\"M 0,10 Q 9,9 10,0 Q 11,9 20,10\" \/><\/svg> <img decoding=\"async\" src=\"https:\/\/www.nord-acrobat.com\/wp-content\/uploads\/2021\/04\/Nord-Acro-Bat-travaux-en-hauteur-sur-corde-acces-difficile-16-1-thegem-post-thumb-small.jpg\" alt=\"\" class=\"img-responsive\"> <span class=\"gem-gallery-caption slide-info\"> <\/span> <\/a> <span class=\"gem-gallery-line\"><\/span> <\/div> <\/div> <\/div>[\/vc_column][vc_column css_animation=&#8221;fadeIn&#8221; parallax=&#8221;content-moving-fade&#8221; offset=&#8221;vc_col-md-6&#8243; effects_enabled_delay=&#8221;500&#8243;]<div class=\"centered-box gem-image-centered-box\"><div class=\"gem-image gem-wrapbox gem-wrapbox-style-default gem-wrapbox-position-centered lazy-loading\"  style=\"width: 0px;height: 0px;\"><div class=\"gem-wrapbox-inner  lazy-loading-item\"  data-ll-effect=\"move-up\"><a href=\"https:\/\/www.nord-acrobat.com\/wp-content\/uploads\/2021\/04\/Nord-Acro-Bat-travaux-en-hauteur-sur-corde-acces-difficile-38-1.jpg\" class=\"fancybox\"><img decoding=\"async\" class=\"gem-wrapbox-element img-responsive\" src=\"https:\/\/www.nord-acrobat.com\/wp-content\/uploads\/2021\/04\/Nord-Acro-Bat-travaux-en-hauteur-sur-corde-acces-difficile-38-1.jpg\" alt=\"\"\/><\/a><\/div><\/div><\/div>[vc_empty_space height=&#8221;28px&#8221;]<div class=\"gem-list lazy-loading gem-list-type-check-style-1\" data-ll-item-delay=\"500\"><ul>\n<li><strong>DIAGNOSTIC INSTALLATION EXISTANTE<\/strong><\/li>\n<li><strong>R\u00c9PARATION \/ MAINTENANCE \/ REMPLACEMENT<\/strong><\/li>\n<li><strong>CONTRATS DE CONTR\u00d4LE &amp; D&#8217;ENTRETIEN<\/strong><\/li>\n<li><strong>POSE DE SYST\u00c8MES DE PROTECTION<\/strong><\/li>\n<li><strong>PASSERELLES ET ESCALIERS<\/strong><\/li>\n<li><strong>\u00c9CHELLES D&#8217;ACC\u00c8S \u00c0 CRINOLINE<\/strong><\/li>\n<li><strong>LIGNES DE VIE \/ POINT D&#8217;ANCRAGE<\/strong><\/li>\n<li><strong>GARDE-CORPS \/ PROTECTION ANTI-FEU<\/strong><\/li>\n<li><strong>FILETS ANTICHUTE ET PARE-GRAVATS<\/strong><\/li>\n<\/ul>\n<\/div>[\/vc_column][\/vc_row][vc_row][vc_column css_animation=&#8221;fadeIn&#8221; effects_enabled_delay=&#8221;500&#8243; css=&#8221;.vc_custom_1617723699590{padding-bottom: 30px !important;}&#8221;][vc_separator el_width=&#8221;80&#8243;][vc_column_text css_animation=&#8221;bounceInRight&#8221; effects_enabled_delay=&#8221;700&#8243;]<\/p>\n<div class=\"styled-subtitle\" style=\"text-align: center;\">\n<p><span style=\"color: #808000;\">Nos interventions permettent la continuit\u00e9 de votre activit\u00e9 durant la dur\u00e9e des travaux en hauteur et \u00e9vitent ainsi les pertes d\u2019exploitation.<\/span><\/p>\n<\/div>\n<p>[\/vc_column_text][\/vc_column][\/vc_row]<\/p>\n","protected":false},"excerpt":{"rendered":"<p>[vc_row ken_burns_transition_speed=&#8221;15000&#8243; css_animation=&#8221;fadeIn&#8221; ken_burns_enabled=&#8221;true&#8221; css=&#8221;.vc_custom_1617723623137{margin-bottom: 0px !important;padding-bottom: 50px !important;}&#8221;][vc_column offset=&#8221;vc_col-md-6&#8243; css=&#8221;.vc_custom_1617721899563{margin-bottom: -45px !important;}&#8221;][vc_column_text css_animation=&#8221;fadeIn&#8221; effects_enabled_delay=&#8221;700&#8243; css=&#8221;.vc_custom_1618304490616{padding-left: 30px !important;}&#8221;] ACC\u00c8S DIFFICILES&#8230;<\/p>\n","protected":false},"author":1,"featured_media":0,"parent":0,"menu_order":0,"comment_status":"closed","ping_status":"closed","template":"","meta":{"footnotes":""},"class_list":["post-3636","page","type-page","status-publish"],"_links":{"self":[{"href":"https:\/\/www.nord-acrobat.com\/index.php\/wp-json\/wp\/v2\/pages\/3636","targetHints":{"allow":["GET"]}}],"collection":[{"href":"https:\/\/www.nord-acrobat.com\/index.php\/wp-json\/wp\/v2\/pages"}],"about":[{"href":"https:\/\/www.nord-acrobat.com\/index.php\/wp-json\/wp\/v2\/types\/page"}],"author":[{"embeddable":true,"href":"https:\/\/www.nord-acrobat.com\/index.php\/wp-json\/wp\/v2\/users\/1"}],"replies":[{"embeddable":true,"href":"https:\/\/www.nord-acrobat.com\/index.php\/wp-json\/wp\/v2\/comments?post=3636"}],"version-history":[{"count":18,"href":"https:\/\/www.nord-acrobat.com\/index.php\/wp-json\/wp\/v2\/pages\/3636\/revisions"}],"predecessor-version":[{"id":4542,"href":"https:\/\/www.nord-acrobat.com\/index.php\/wp-json\/wp\/v2\/pages\/3636\/revisions\/4542"}],"wp:attachment":[{"href":"https:\/\/www.nord-acrobat.com\/index.php\/wp-json\/wp\/v2\/media?parent=3636"}],"curies":[{"name":"wp","href":"https:\/\/api.w.org\/{rel}","templated":true}]}}